{"id":1092,"date":"2022-07-01T09:39:02","date_gmt":"2022-07-01T09:39:02","guid":{"rendered":"https:\/\/vkoutsourcing.com.vn\/?page_id=1092"},"modified":"2022-07-24T10:12:03","modified_gmt":"2022-07-24T10:12:03","slug":"category-ke-toan","status":"publish","type":"page","link":"https:\/\/vkoutsourcing.com\/ko\/category-ke-toan\/","title":{"rendered":"Categories"},"content":{"rendered":"<div data-elementor-type=\"wp-page\" data-elementor-id=\"1092\" class=\"elementor elementor-1092\">\n\t\t\t\t\t\t\t\t\t<section class=\"elementor-section elementor-top-section elementor-element elementor-element-796564e7 top-session elementor-section-boxed elementor-section-height-default elementor-section-height-default\" data-id=\"796564e7\" data-element_type=\"section\" data-settings=\"{&quot;background_background&quot;:&quot;classic&quot;}\">\n\t\t\t\t\t\t\t<div class=\"elementor-background-overlay\"><\/div>\n\t\t\t\t\t\t\t<div class=\"elementor-container elementor-column-gap-no\">\n\t\t\t\t\t<div class=\"elementor-column elementor-col-50 elementor-top-column elementor-element elementor-element-796dec0c\" data-id=\"796dec0c\" data-element_type=\"column\">\n\t\t\t<div class=\"elementor-widget-wrap elementor-element-populated\">\n\t\t\t\t\t\t\t\t<div class=\"elementor-element elementor-element-16877fcb elementor-widget elementor-widget-heading\" data-id=\"16877fcb\" data-element_type=\"widget\" data-widget_type=\"heading.default\">\n\t\t\t\t<div class=\"elementor-widget-container\">\n\t\t\t<style>\/*! elementor - v3.6.7 - 03-07-2022 *\/\n.elementor-heading-title{padding:0;margin:0;line-height:1}.elementor-widget-heading .elementor-heading-title[class*=elementor-size-]>a{color:inherit;font-size:inherit;line-height:inherit}.elementor-widget-heading .elementor-heading-title.elementor-size-small{font-size:15px}.elementor-widget-heading .elementor-heading-title.elementor-size-medium{font-size:19px}.elementor-widget-heading .elementor-heading-title.elementor-size-large{font-size:29px}.elementor-widget-heading .elementor-heading-title.elementor-size-xl{font-size:39px}.elementor-widget-heading .elementor-heading-title.elementor-size-xxl{font-size:59px}<\/style><h2 class=\"elementor-heading-title elementor-size-default\">Th\u1ec3 lo\u1ea1i: K\u1ebf to\u00e1n<\/h2>\t\t<\/div>\n\t\t\t\t<\/div>\n\t\t\t\t\t<\/div>\n\t\t<\/div>\n\t\t\t\t<div class=\"elementor-column elementor-col-50 elementor-top-column elementor-element elementor-element-63ba1a71\" data-id=\"63ba1a71\" data-element_type=\"column\">\n\t\t\t<div class=\"elementor-widget-wrap elementor-element-populated\">\n\t\t\t\t\t\t\t\t<div class=\"elementor-element elementor-element-56ec51ac elementor-widget__width-auto elementor-widget elementor-widget-text-editor\" data-id=\"56ec51ac\" data-element_type=\"widget\" data-widget_type=\"text-editor.default\">\n\t\t\t\t<div class=\"elementor-widget-container\">\n\t\t\t<style>\/*! elementor - v3.6.7 - 03-07-2022 *\/\n.elementor-widget-text-editor.elementor-drop-cap-view-stacked .elementor-drop-cap{background-color:#818a91;color:#fff}.elementor-widget-text-editor.elementor-drop-cap-view-framed .elementor-drop-cap{color:#818a91;border:3px solid;background-color:transparent}.elementor-widget-text-editor:not(.elementor-drop-cap-view-default) .elementor-drop-cap{margin-top:8px}.elementor-widget-text-editor:not(.elementor-drop-cap-view-default) .elementor-drop-cap-letter{width:1em;height:1em}.elementor-widget-text-editor .elementor-drop-cap{float:left;text-align:center;line-height:1;font-size:50px}.elementor-widget-text-editor .elementor-drop-cap-letter{display:inline-block}<\/style>\t\t\t\t<p>\ud648\ud398\uc774\uc9c0\/<\/p>\t\t\t\t\t\t<\/div>\n\t\t\t\t<\/div>\n\t\t\t\t<div class=\"elementor-element elementor-element-54bea31b elementor-widget__width-auto elementor-widget elementor-widget-text-editor\" data-id=\"54bea31b\" data-element_type=\"widget\" data-widget_type=\"text-editor.default\">\n\t\t\t\t<div class=\"elementor-widget-container\">\n\t\t\t\t\t\t\t<p>\ud68c\uacc4\uc0ac<\/p>\t\t\t\t\t\t<\/div>\n\t\t\t\t<\/div>\n\t\t\t\t\t<\/div>\n\t\t<\/div>\n\t\t\t\t\t\t\t<\/div>\n\t\t<\/section>\n\t\t\t\t<section class=\"elementor-section elementor-top-section elementor-element elementor-element-4457cc91 elementor-section-boxed elementor-section-height-default elementor-section-height-default\" data-id=\"4457cc91\" data-element_type=\"section\" data-settings=\"{&quot;background_background&quot;:&quot;classic&quot;}\">\n\t\t\t\t\t\t<div class=\"elementor-container elementor-column-gap-no\">\n\t\t\t\t\t<div class=\"elementor-column elementor-col-50 elementor-top-column elementor-element elementor-element-787e9d74\" data-id=\"787e9d74\" data-element_type=\"column\">\n\t\t\t<div class=\"elementor-widget-wrap elementor-element-populated\">\n\t\t\t\t\t\t\t\t<div class=\"elementor-element elementor-element-1f2d593a elementor-widget elementor-widget-jkit_post_block\" data-id=\"1f2d593a\" data-element_type=\"widget\" data-widget_type=\"jkit_post_block.default\">\n\t\t\t\t<div class=\"elementor-widget-container\">\n\t\t\t<div  class=\"jeg-elementor-kit jkit-postblock postblock-type-1 jkit-pagination-loadmore post-element jeg_module___69ed6b9c63826\"  data-id=\"jeg_module___69ed6b9c63826\" data-settings=\"{&quot;post_type&quot;:&quot;post&quot;,&quot;number_post&quot;:{&quot;unit&quot;:&quot;px&quot;,&quot;size&quot;:4,&quot;sizes&quot;:[]},&quot;post_offset&quot;:0,&quot;unique_content&quot;:&quot;disable&quot;,&quot;include_post&quot;:&quot;&quot;,&quot;exclude_post&quot;:&quot;&quot;,&quot;include_category&quot;:&quot;12&quot;,&quot;exclude_category&quot;:&quot;&quot;,&quot;include_author&quot;:&quot;&quot;,&quot;include_tag&quot;:&quot;&quot;,&quot;exclude_tag&quot;:&quot;&quot;,&quot;sort_by&quot;:&quot;latest&quot;,&quot;pagination_mode&quot;:&quot;loadmore&quot;,&quot;pagination_loadmore_text&quot;:&quot;Xem th\\u00eam&quot;,&quot;pagination_loading_text&quot;:&quot;\\u0110ang t\\u1ea3i...&quot;,&quot;pagination_number_post&quot;:{&quot;unit&quot;:&quot;px&quot;,&quot;size&quot;:3,&quot;sizes&quot;:[]},&quot;pagination_scroll_limit&quot;:0,&quot;pagination_icon&quot;:{&quot;value&quot;:&quot;&quot;,&quot;library&quot;:&quot;&quot;},&quot;pagination_icon_position&quot;:&quot;before&quot;,&quot;st_category_position&quot;:&quot;left&quot;,&quot;sg_content_postblock_type&quot;:&quot;type-1&quot;,&quot;sg_content_title_html_tag&quot;:&quot;h3&quot;,&quot;sg_content_category_enable&quot;:&quot;&quot;,&quot;sg_content_excerpt_enable&quot;:&quot;yes&quot;,&quot;sg_content_excerpt_length&quot;:{&quot;unit&quot;:&quot;px&quot;,&quot;size&quot;:15,&quot;sizes&quot;:[]},&quot;sg_content_excerpt_more&quot;:&quot;...&quot;,&quot;sg_content_readmore_enable&quot;:&quot;yes&quot;,&quot;sg_content_readmore_icon&quot;:{&quot;value&quot;:&quot;jki jki-arrow-right-light&quot;,&quot;library&quot;:&quot;jkiticon&quot;},&quot;sg_content_readmore_icon_position&quot;:&quot;after&quot;,&quot;sg_content_readmore_text&quot;:&quot;Xem th\\u00eam&quot;,&quot;sg_content_comment_heading&quot;:&quot;&quot;,&quot;sg_content_comment_enable&quot;:&quot;&quot;,&quot;sg_content_comment_icon&quot;:{&quot;value&quot;:&quot;fas fa-comment&quot;,&quot;library&quot;:&quot;fa-solid&quot;},&quot;sg_content_comment_icon_position&quot;:&quot;before&quot;,&quot;sg_content_meta_enable&quot;:&quot;yes&quot;,&quot;sg_content_meta_author_enable&quot;:&quot;&quot;,&quot;sg_content_meta_author_by_text&quot;:&quot;by&quot;,&quot;sg_content_meta_author_icon&quot;:{&quot;value&quot;:&quot;fas fa-user&quot;,&quot;library&quot;:&quot;fa-solid&quot;},&quot;sg_content_meta_author_icon_position&quot;:&quot;before&quot;,&quot;sg_content_meta_date_enable&quot;:&quot;yes&quot;,&quot;sg_content_meta_date_type&quot;:&quot;published&quot;,&quot;sg_content_meta_date_format&quot;:&quot;default&quot;,&quot;sg_content_meta_date_format_custom&quot;:&quot;F j, Y&quot;,&quot;sg_content_meta_date_icon&quot;:{&quot;value&quot;:&quot;fas fa-clock&quot;,&quot;library&quot;:&quot;fa-solid&quot;},&quot;sg_content_meta_date_icon_position&quot;:&quot;before&quot;,&quot;sg_content_image_size_imagesize_size&quot;:&quot;full&quot;,&quot;paged&quot;:1,&quot;class&quot;:&quot;jkit_post_block&quot;}\"><div class=\"jkit-block-container\"><div class=\"jkit-posts jkit-ajax-flag\">\n            <article class=\"jkit-post post-399 post type-post status-publish format-standard has-post-thumbnail hentry category-ke-toan\">\n                    <div class=\"jkit-thumb\"><a href=\"https:\/\/vkoutsourcing.com\/ko\/2022\/06\/27\/ke-toan\/\"><div class=\"thumbnail-container\">\n            <img width=\"600\" height=\"313\" src=\"https:\/\/vkoutsourcing.com\/wp-content\/uploads\/2022\/06\/nghiep-vu-ke-toan-1.jpg\" class=\"attachment-full size-full wp-post-image\" alt=\"\" decoding=\"async\" loading=\"lazy\" srcset=\"https:\/\/vkoutsourcing.com\/wp-content\/uploads\/2022\/06\/nghiep-vu-ke-toan-1.jpg 600w, https:\/\/vkoutsourcing.com\/wp-content\/uploads\/2022\/06\/nghiep-vu-ke-toan-1-300x157.jpg 300w, https:\/\/vkoutsourcing.com\/wp-content\/uploads\/2022\/06\/nghiep-vu-ke-toan-1-18x9.jpg 18w\" sizes=\"(max-width: 600px) 100vw, 600px\" style=\"width:100%;height:52.17%;max-width:600px;\" \/>\n        <\/div><\/a><\/div>\n                    <div class=\"jkit-postblock-content\"><h3 class=\"jkit-post-title\"><a href=\"https:\/\/vkoutsourcing.com\/ko\/2022\/06\/27\/ke-toan\/\">\ud68c\uacc4\uc0ac<\/a><\/h3>\n                <div class=\"jkit-post-meta\"><div class=\"jkit-meta-date icon-position-before\"><i aria-hidden=\"true\" class=\"fas fa-clock\"><\/i>27 6\uc6d4, 2022<\/div><\/div><div class=\"jkit-post-excerpt\"><p>D\u1ecbch v\u1ee5 k\u1ebf to\u00e1n thu\u00ea ngo\u00e0i, thu\u00ea ngo\u00e0i d\u1ecbch v\u1ee5 k\u1ebf to\u00e1n, d\u1ecbch v\u1ee5 k\u1ebf...<\/p><\/div>\n            <div class=\"jkit-post-meta-bottom\">\n                <div class=\"jkit-meta-readmore icon-position-after\">\n                <a href=\"https:\/\/vkoutsourcing.com\/ko\/2022\/06\/27\/ke-toan\/\" class=\"jkit-readmore\">\ub354\ubcf4\uae30<i aria-hidden=\"true\" class=\"jki jki-arrow-right-light\"><\/i><\/a>\n            <\/div>\n            <\/div><\/div>\n                <\/article><article class=\"jkit-post post-1 post type-post status-publish format-standard has-post-thumbnail hentry category-ke-toan\">\n                    <div class=\"jkit-thumb\"><a href=\"https:\/\/vkoutsourcing.com\/ko\/2022\/06\/23\/thanh-lap-doanh-nghiep\/\"><div class=\"thumbnail-container\">\n            <img width=\"700\" height=\"425\" src=\"https:\/\/vkoutsourcing.com\/wp-content\/uploads\/2022\/06\/dich-vu-thanh-lap-doanh-nghiep-1.jpg\" class=\"attachment-full size-full wp-post-image\" alt=\"\" decoding=\"async\" loading=\"lazy\" srcset=\"https:\/\/vkoutsourcing.com\/wp-content\/uploads\/2022\/06\/dich-vu-thanh-lap-doanh-nghiep-1.jpg 700w, https:\/\/vkoutsourcing.com\/wp-content\/uploads\/2022\/06\/dich-vu-thanh-lap-doanh-nghiep-1-300x182.jpg 300w, https:\/\/vkoutsourcing.com\/wp-content\/uploads\/2022\/06\/dich-vu-thanh-lap-doanh-nghiep-1-18x12.jpg 18w\" sizes=\"(max-width: 700px) 100vw, 700px\" style=\"width:100%;height:60.71%;max-width:700px;\" \/>\n        <\/div><\/a><\/div>\n                    <div class=\"jkit-postblock-content\"><h3 class=\"jkit-post-title\"><a href=\"https:\/\/vkoutsourcing.com\/ko\/2022\/06\/23\/thanh-lap-doanh-nghiep\/\">\uae30\uc5c5 \uc124\ub9bd<\/a><\/h3>\n                <div class=\"jkit-post-meta\"><div class=\"jkit-meta-date icon-position-before\"><i aria-hidden=\"true\" class=\"fas fa-clock\"><\/i>23 6\uc6d4, 2022<\/div><\/div><div class=\"jkit-post-excerpt\"><p>KW th\u00e0nh l\u1eadp doanh nghi\u1ec7p: d\u1ecbch v\u1ee5 th\u00e0nh l\u1eadp doanh nghi\u1ec7p, m\u1edf doanh nghi\u1ec7p, dich...<\/p><\/div>\n            <div class=\"jkit-post-meta-bottom\">\n                <div class=\"jkit-meta-readmore icon-position-after\">\n                <a href=\"https:\/\/vkoutsourcing.com\/ko\/2022\/06\/23\/thanh-lap-doanh-nghiep\/\" class=\"jkit-readmore\">\ub354\ubcf4\uae30<i aria-hidden=\"true\" class=\"jki jki-arrow-right-light\"><\/i><\/a>\n            <\/div>\n            <\/div><\/div>\n                <\/article>\n        <\/div><\/div><\/div>\t\t<\/div>\n\t\t\t\t<\/div>\n\t\t\t\t\t<\/div>\n\t\t<\/div>\n\t\t\t\t<div class=\"elementor-column elementor-col-50 elementor-top-column elementor-element elementor-element-193d1396\" data-id=\"193d1396\" data-element_type=\"column\" data-settings=\"{&quot;background_background&quot;:&quot;classic&quot;}\">\n\t\t\t<div class=\"elementor-widget-wrap elementor-element-populated\">\n\t\t\t\t\t\t\t\t<section class=\"elementor-section elementor-inner-section elementor-element elementor-element-74c9b746 elementor-section-boxed elementor-section-height-default elementor-section-height-default\" data-id=\"74c9b746\" data-element_type=\"section\">\n\t\t\t\t\t\t<div class=\"elementor-container elementor-column-gap-no\">\n\t\t\t\t\t<div class=\"elementor-column elementor-col-100 elementor-inner-column elementor-element elementor-element-14a29c7d\" data-id=\"14a29c7d\" data-element_type=\"column\" data-settings=\"{&quot;background_background&quot;:&quot;classic&quot;}\">\n\t\t\t<div class=\"elementor-widget-wrap elementor-element-populated\">\n\t\t\t\t\t\t\t\t<div class=\"elementor-element elementor-element-4f8fdac7 elementor-widget elementor-widget-heading\" data-id=\"4f8fdac7\" data-element_type=\"widget\" data-widget_type=\"heading.default\">\n\t\t\t\t<div class=\"elementor-widget-container\">\n\t\t\t<h3 class=\"elementor-heading-title elementor-size-default\">B\u00e0i vi\u1ebft g\u1ea7n \u0111\u00e2y<\/h3>\t\t<\/div>\n\t\t\t\t<\/div>\n\t\t\t\t<div class=\"elementor-element elementor-element-2da4752b elementor-widget elementor-widget-jkit_post_list\" data-id=\"2da4752b\" data-element_type=\"widget\" data-widget_type=\"jkit_post_list.default\">\n\t\t\t\t<div class=\"elementor-widget-container\">\n\t\t\t<div  class=\"jeg-elementor-kit jkit-postlist layout-horizontal post-element jkit-pagination-disable jeg_module__1_69ed6b9c78167\"  data-id=\"jeg_module__1_69ed6b9c78167\" data-settings=\"{&quot;post_type&quot;:&quot;post&quot;,&quot;number_post&quot;:{&quot;unit&quot;:&quot;px&quot;,&quot;size&quot;:3,&quot;sizes&quot;:[]},&quot;post_offset&quot;:0,&quot;unique_content&quot;:&quot;disable&quot;,&quot;include_post&quot;:&quot;&quot;,&quot;exclude_post&quot;:&quot;&quot;,&quot;include_category&quot;:&quot;&quot;,&quot;exclude_category&quot;:&quot;&quot;,&quot;include_author&quot;:&quot;&quot;,&quot;include_tag&quot;:&quot;&quot;,&quot;exclude_tag&quot;:&quot;&quot;,&quot;sort_by&quot;:&quot;latest&quot;,&quot;pagination_mode&quot;:&quot;disable&quot;,&quot;pagination_loadmore_text&quot;:&quot;Load More&quot;,&quot;pagination_loading_text&quot;:&quot;Loading...&quot;,&quot;pagination_number_post&quot;:{&quot;unit&quot;:&quot;px&quot;,&quot;size&quot;:3,&quot;sizes&quot;:[]},&quot;pagination_scroll_limit&quot;:0,&quot;pagination_icon&quot;:{&quot;value&quot;:&quot;&quot;,&quot;library&quot;:&quot;&quot;},&quot;pagination_icon_position&quot;:&quot;before&quot;,&quot;sg_content_layout&quot;:&quot;horizontal&quot;,&quot;sg_content_image_enable&quot;:&quot;&quot;,&quot;sg_content_background_image_enable&quot;:&quot;&quot;,&quot;sg_content_icon_enable&quot;:&quot;&quot;,&quot;sg_content_icon&quot;:{&quot;value&quot;:&quot;fas fa-circle&quot;,&quot;library&quot;:&quot;fa-solid&quot;},&quot;sg_content_meta_enable&quot;:&quot;yes&quot;,&quot;sg_content_meta_date_enable&quot;:&quot;yes&quot;,&quot;sg_content_meta_date_type&quot;:&quot;published&quot;,&quot;sg_content_meta_date_format&quot;:&quot;default&quot;,&quot;sg_content_meta_date_format_custom&quot;:&quot;F j, Y&quot;,&quot;sg_content_meta_date_icon&quot;:{&quot;value&quot;:&quot;fas fa-clock&quot;,&quot;library&quot;:&quot;fa-solid&quot;},&quot;sg_content_meta_category_enable&quot;:&quot;&quot;,&quot;sg_content_meta_category_icon&quot;:{&quot;value&quot;:&quot;fas fa-tag&quot;,&quot;library&quot;:&quot;fa-solid&quot;},&quot;sg_content_meta_position&quot;:&quot;bottom&quot;,&quot;sg_content_image_size_imagesize_size&quot;:&quot;medium&quot;,&quot;paged&quot;:1,&quot;class&quot;:&quot;jkit_post_list&quot;}\"><div class=\"jkit-block-container\"><div class=\"jkit-posts jkit-ajax-flag\">\n            <article class=\"jkit-post post-list-item\">\n                <a href=\"https:\/\/vkoutsourcing.com\/ko\/2023\/04\/30\/vi-sao-mai-ung-vien-nha-tuyen-dung-chua-match-nhau-phan-2\/\" >\n                    \n                    <div class=\"jkit-postlist-content\"><span class=\"jkit-postlist-title\">V\u00cc SAO M\u00c3I \u1ee8NG VI\u00caN &#038; NH\u00c0 TUY\u1ec2N D\u1ee4NG CH\u01afA \u201cMATCH\u201d NHAU? (PH\u1ea6N 2)<\/span><div class=\"meta-lists\"><span class=\"meta-date\"><i aria-hidden=\"true\" class=\"fas fa-clock\"><\/i>30 4\uc6d4, 2023<\/span> <\/div><\/div>\n                <\/a>\n            <\/article><article class=\"jkit-post post-list-item\">\n                <a href=\"https:\/\/vkoutsourcing.com\/ko\/2023\/04\/29\/vi-sao-mai-ung-vien-nha-tuyen-dung-chua-match-nhau\/\" >\n                    \n                    <div class=\"jkit-postlist-content\"><span class=\"jkit-postlist-title\">V\u00cc SAO M\u00c3I \u1ee8NG VI\u00caN &#038; NH\u00c0 TUY\u1ec2N D\u1ee4NG CH\u01afA \u201cMATCH\u201d NHAU? (PH\u1ea6N 1)<\/span><div class=\"meta-lists\"><span class=\"meta-date\"><i aria-hidden=\"true\" class=\"fas fa-clock\"><\/i>29 4\uc6d4, 2023<\/span> <\/div><\/div>\n                <\/a>\n            <\/article><article class=\"jkit-post post-list-item\">\n                <a href=\"https:\/\/vkoutsourcing.com\/ko\/2023\/02\/14\/viec-lam-danh-cho-ban\/\" >\n                    \n                    <div class=\"jkit-postlist-content\"><span class=\"jkit-postlist-title\">\uadc0\ud558\ub97c \uc704\ud55c \ucde8\uc5c5 \uae30\ud68c<\/span><div class=\"meta-lists\"><span class=\"meta-date\"><i aria-hidden=\"true\" class=\"fas fa-clock\"><\/i>14 2\uc6d4, 2023<\/span> <\/div><\/div>\n                <\/a>\n            <\/article>\n        <\/div><\/div><\/div>\t\t<\/div>\n\t\t\t\t<\/div>\n\t\t\t\t\t<\/div>\n\t\t<\/div>\n\t\t\t\t\t\t\t<\/div>\n\t\t<\/section>\n\t\t\t\t<section class=\"elementor-section elementor-inner-section elementor-element elementor-element-7b88ed41 elementor-section-boxed elementor-section-height-default elementor-section-height-default\" data-id=\"7b88ed41\" data-element_type=\"section\" data-settings=\"{&quot;background_background&quot;:&quot;classic&quot;}\">\n\t\t\t\t\t\t\t<div class=\"elementor-background-overlay\"><\/div>\n\t\t\t\t\t\t\t<div class=\"elementor-container elementor-column-gap-no\">\n\t\t\t\t\t<div class=\"elementor-column elementor-col-100 elementor-inner-column elementor-element elementor-element-d164ebc\" data-id=\"d164ebc\" data-element_type=\"column\">\n\t\t\t<div class=\"elementor-widget-wrap elementor-element-populated\">\n\t\t\t\t\t\t\t\t<div class=\"elementor-element elementor-element-7573f78d elementor-widget elementor-widget-heading\" data-id=\"7573f78d\" data-element_type=\"widget\" data-widget_type=\"heading.default\">\n\t\t\t\t<div class=\"elementor-widget-container\">\n\t\t\t<h4 class=\"elementor-heading-title elementor-size-default\">\uad81\uae08\ud558\uc2dc\uc8e0?<\/h4>\t\t<\/div>\n\t\t\t\t<\/div>\n\t\t\t\t<div class=\"elementor-element elementor-element-5e8e885e elementor-widget elementor-widget-text-editor\" data-id=\"5e8e885e\" data-element_type=\"widget\" data-widget_type=\"text-editor.default\">\n\t\t\t\t<div class=\"elementor-widget-container\">\n\t\t\t\t\t\t\t<p>\uc11c\ube44\uc2a4 \uccb4\ud5d8 \ubc0f \ubb34\ub8cc \uc0c1\ub2f4\uc744 \uc704\ud574 VK SOHO OFICES\uc5d0 \ubb38\uc758\ud558\uc2ed\uc2dc\uc624.<\/p>\t\t\t\t\t\t<\/div>\n\t\t\t\t<\/div>\n\t\t\t\t<div class=\"elementor-element elementor-element-2f2e8eed elementor-icon-list--layout-traditional elementor-list-item-link-full_width elementor-widget elementor-widget-icon-list\" data-id=\"2f2e8eed\" data-element_type=\"widget\" data-widget_type=\"icon-list.default\">\n\t\t\t\t<div class=\"elementor-widget-container\">\n\t\t\t<link rel=\"stylesheet\" href=\"https:\/\/vkoutsourcing.com.vn\/wp-content\/plugins\/elementor\/assets\/css\/widget-icon-list.min.css\">\t\t<ul class=\"elementor-icon-list-items\">\n\t\t\t\t\t\t\t<li class=\"elementor-icon-list-item\">\n\t\t\t\t\t\t\t\t\t\t\t<span class=\"elementor-icon-list-icon\">\n\t\t\t\t\t\t\t<i aria-hidden=\"true\" class=\"fas fa-phone-alt\"><\/i>\t\t\t\t\t\t<\/span>\n\t\t\t\t\t\t\t\t\t\t<span class=\"elementor-icon-list-text\"> (+84) 78 241 8585<\/span>\n\t\t\t\t\t\t\t\t\t<\/li>\n\t\t\t\t\t\t\t\t<li class=\"elementor-icon-list-item\">\n\t\t\t\t\t\t\t\t\t\t\t<span class=\"elementor-icon-list-icon\">\n\t\t\t\t\t\t\t<i aria-hidden=\"true\" class=\"fas fa-envelope\"><\/i>\t\t\t\t\t\t<\/span>\n\t\t\t\t\t\t\t\t\t\t<span class=\"elementor-icon-list-text\">vksoho.marketing@gmail.com<\/span>\n\t\t\t\t\t\t\t\t\t<\/li>\n\t\t\t\t\t\t<\/ul>\n\t\t\t\t<\/div>\n\t\t\t\t<\/div>\n\t\t\t\t\t<\/div>\n\t\t<\/div>\n\t\t\t\t\t\t\t<\/div>\n\t\t<\/section>\n\t\t\t\t\t<\/div>\n\t\t<\/div>\n\t\t\t\t\t\t\t<\/div>\n\t\t<\/section>\n\t\t\t\t<section class=\"elementor-section elementor-top-section elementor-element elementor-element-b4d128f elementor-section-boxed elementor-section-height-default elementor-section-height-default\" data-id=\"b4d128f\" data-element_type=\"section\" data-settings=\"{&quot;background_background&quot;:&quot;classic&quot;}\">\n\t\t\t\t\t\t\t<div class=\"elementor-background-overlay\"><\/div>\n\t\t\t\t\t\t\t<div class=\"elementor-container elementor-column-gap-no\">\n\t\t\t\t\t<div class=\"elementor-column elementor-col-100 elementor-top-column elementor-element elementor-element-21df0ea\" data-id=\"21df0ea\" data-element_type=\"column\" data-settings=\"{&quot;background_background&quot;:&quot;classic&quot;}\">\n\t\t\t<div class=\"elementor-widget-wrap elementor-element-populated\">\n\t\t\t\t\t\t\t\t<div class=\"elementor-element elementor-element-abbdca7 title-heading-box elementor-widget elementor-widget-heading\" data-id=\"abbdca7\" data-element_type=\"widget\" data-widget_type=\"heading.default\">\n\t\t\t\t<div class=\"elementor-widget-container\">\n\t\t\t<h2 class=\"elementor-heading-title elementor-size-default\">\uc800\ud76c\uc5d0\uac8c \ubc14\ub85c \uc5f0\ub77d\ud574\uc11c \uc800\ud76c\uac00 \ub3c4\uc640\ub4dc\ub9ac\uaca0\uc2b5\ub2c8\ub2e4<\/h2>\t\t<\/div>\n\t\t\t\t<\/div>\n\t\t\t\t<div class=\"elementor-element elementor-element-956dbe3 elementor-widget elementor-widget-text-editor\" data-id=\"956dbe3\" data-element_type=\"widget\" data-widget_type=\"text-editor.default\">\n\t\t\t\t<div class=\"elementor-widget-container\">\n\t\t\t\t\t\t\t<p>VK Soho\ub294 \ud6a8\uacfc\uc801\uc778 \uc0ac\uc5c5 \uacc4\ud68d\uc744 \uc138\uc6b8 \uc218 \uc788\ub3c4\ub85d \ub3c4\uc640\uc90d\ub2c8\ub2e4.<\/p>\t\t\t\t\t\t<\/div>\n\t\t\t\t<\/div>\n\t\t\t\t<div class=\"elementor-element elementor-element-36e7c61 elementor-align-center elementor-mobile-align-center elementor-widget elementor-widget-button\" data-id=\"36e7c61\" data-element_type=\"widget\" data-widget_type=\"button.default\">\n\t\t\t\t<div class=\"elementor-widget-container\">\n\t\t\t\t\t<div class=\"elementor-button-wrapper\">\n\t\t\t<a href=\"https:\/\/vkoutsourcing.com.vn\/dia-diem-va-lien-he\/\" class=\"elementor-button-link elementor-button elementor-size-sm elementor-animation-float\" role=\"button\">\n\t\t\t\t\t\t<span class=\"elementor-button-content-wrapper\">\n\t\t\t\t\t\t<span class=\"elementor-button-text\">\ubb34\ub8cc \uc0c1\ub2f4<\/span>\n\t\t<\/span>\n\t\t\t\t\t<\/a>\n\t\t<\/div>\n\t\t\t\t<\/div>\n\t\t\t\t<\/div>\n\t\t\t\t\t<\/div>\n\t\t<\/div>\n\t\t\t\t\t\t\t<\/div>\n\t\t<\/section>\n\t\t\t\t\t\t\t<\/div>","protected":false},"excerpt":{"rendered":"<p>Th\u1ec3 lo\u1ea1i: K\u1ebf to\u00e1n Trang ch\u1ee7\/ K\u1ebf to\u00e1n edit post K\u1ebe TO\u00c1N 27 Th\u00e1ng S\u00e1u, 2022 D\u1ecbch v\u1ee5 k\u1ebf to\u00e1n thu\u00ea ngo\u00e0i, thu\u00ea ngo\u00e0i d\u1ecbch v\u1ee5 k\u1ebf to\u00e1n, d\u1ecbch v\u1ee5 k\u1ebf&#8230; Xem th\u00eam edit post TH\u00c0NH L\u1eacP DOANH NGHI\u1ec6P 23 Th\u00e1ng S\u00e1u, 2022 KW th\u00e0nh l\u1eadp doanh nghi\u1ec7p: d\u1ecbch v\u1ee5 th\u00e0nh l\u1eadp doanh nghi\u1ec7p, m\u1edf&hellip; <a class=\"more-link\" href=\"https:\/\/vkoutsourcing.com\/ko\/category-ke-toan\/\">Continue reading <span class=\"screen-reader-text\">Categories<\/span><\/a><\/p>","protected":false},"author":1,"featured_media":0,"parent":0,"menu_order":0,"comment_status":"closed","ping_status":"closed","template":"elementor_header_footer","meta":{"inline_featured_image":false},"_links":{"self":[{"href":"https:\/\/vkoutsourcing.com\/ko\/wp-json\/wp\/v2\/pages\/1092"}],"collection":[{"href":"https:\/\/vkoutsourcing.com\/ko\/wp-json\/wp\/v2\/pages"}],"about":[{"href":"https:\/\/vkoutsourcing.com\/ko\/wp-json\/wp\/v2\/types\/page"}],"author":[{"embeddable":true,"href":"https:\/\/vkoutsourcing.com\/ko\/wp-json\/wp\/v2\/users\/1"}],"replies":[{"embeddable":true,"href":"https:\/\/vkoutsourcing.com\/ko\/wp-json\/wp\/v2\/comments?post=1092"}],"version-history":[{"count":31,"href":"https:\/\/vkoutsourcing.com\/ko\/wp-json\/wp\/v2\/pages\/1092\/revisions"}],"predecessor-version":[{"id":3052,"href":"https:\/\/vkoutsourcing.com\/ko\/wp-json\/wp\/v2\/pages\/1092\/revisions\/3052"}],"wp:attachment":[{"href":"https:\/\/vkoutsourcing.com\/ko\/wp-json\/wp\/v2\/media?parent=1092"}],"curies":[{"name":"wp","href":"https:\/\/api.w.org\/{rel}","templated":true}]}}