{"id":240,"date":"2022-06-24T02:55:16","date_gmt":"2022-06-24T02:55:16","guid":{"rendered":"https:\/\/vkoutsourcing.com.vn\/?page_id=240"},"modified":"2022-07-24T11:45:19","modified_gmt":"2022-07-24T11:45:19","slug":"dia-diem-va-lien-he","status":"publish","type":"page","link":"https:\/\/vkoutsourcing.com\/ko\/dia-diem-va-lien-he\/","title":{"rendered":"\uc704\uce58 \ubc0f \uc5f0\ub77d\ucc98"},"content":{"rendered":"<div data-elementor-type=\"wp-page\" data-elementor-id=\"240\" class=\"elementor elementor-240\">\n\t\t\t\t\t\t\t\t\t<section class=\"elementor-section elementor-top-section elementor-element elementor-element-990e26a top-session elementor-section-boxed elementor-section-height-default elementor-section-height-default\" data-id=\"990e26a\" data-element_type=\"section\" data-settings=\"{&quot;background_background&quot;:&quot;classic&quot;}\">\n\t\t\t\t\t\t\t<div class=\"elementor-background-overlay\"><\/div>\n\t\t\t\t\t\t\t<div class=\"elementor-container elementor-column-gap-no\">\n\t\t\t\t\t<div class=\"elementor-column elementor-col-50 elementor-top-column elementor-element elementor-element-5d1cb570\" data-id=\"5d1cb570\" data-element_type=\"column\">\n\t\t\t<div class=\"elementor-widget-wrap elementor-element-populated\">\n\t\t\t\t\t\t\t\t<div class=\"elementor-element elementor-element-46552420 top-session elementor-widget elementor-widget-heading\" data-id=\"46552420\" data-element_type=\"widget\" data-widget_type=\"heading.default\">\n\t\t\t\t<div class=\"elementor-widget-container\">\n\t\t\t<style>\/*! elementor - v3.6.7 - 03-07-2022 *\/\n.elementor-heading-title{padding:0;margin:0;line-height:1}.elementor-widget-heading .elementor-heading-title[class*=elementor-size-]>a{color:inherit;font-size:inherit;line-height:inherit}.elementor-widget-heading .elementor-heading-title.elementor-size-small{font-size:15px}.elementor-widget-heading .elementor-heading-title.elementor-size-medium{font-size:19px}.elementor-widget-heading .elementor-heading-title.elementor-size-large{font-size:29px}.elementor-widget-heading .elementor-heading-title.elementor-size-xl{font-size:39px}.elementor-widget-heading .elementor-heading-title.elementor-size-xxl{font-size:59px}<\/style><h2 class=\"elementor-heading-title elementor-size-default\">\uc704\uce58 \ubc0f \uc5f0\ub77d\ucc98<\/h2>\t\t<\/div>\n\t\t\t\t<\/div>\n\t\t\t\t\t<\/div>\n\t\t<\/div>\n\t\t\t\t<div class=\"elementor-column elementor-col-50 elementor-top-column elementor-element elementor-element-2d7cc71a\" data-id=\"2d7cc71a\" data-element_type=\"column\">\n\t\t\t<div class=\"elementor-widget-wrap elementor-element-populated\">\n\t\t\t\t\t\t\t\t<div class=\"elementor-element elementor-element-32eead70 elementor-widget__width-auto elementor-widget elementor-widget-text-editor\" data-id=\"32eead70\" data-element_type=\"widget\" data-widget_type=\"text-editor.default\">\n\t\t\t\t<div class=\"elementor-widget-container\">\n\t\t\t<style>\/*! elementor - v3.6.7 - 03-07-2022 *\/\n.elementor-widget-text-editor.elementor-drop-cap-view-stacked .elementor-drop-cap{background-color:#818a91;color:#fff}.elementor-widget-text-editor.elementor-drop-cap-view-framed .elementor-drop-cap{color:#818a91;border:3px solid;background-color:transparent}.elementor-widget-text-editor:not(.elementor-drop-cap-view-default) .elementor-drop-cap{margin-top:8px}.elementor-widget-text-editor:not(.elementor-drop-cap-view-default) .elementor-drop-cap-letter{width:1em;height:1em}.elementor-widget-text-editor .elementor-drop-cap{float:left;text-align:center;line-height:1;font-size:50px}.elementor-widget-text-editor .elementor-drop-cap-letter{display:inline-block}<\/style>\t\t\t\t<p>\ud648\ud398\uc774\uc9c0\/<\/p>\t\t\t\t\t\t<\/div>\n\t\t\t\t<\/div>\n\t\t\t\t<div class=\"elementor-element elementor-element-54ef48f7 elementor-widget__width-auto elementor-widget elementor-widget-text-editor\" data-id=\"54ef48f7\" data-element_type=\"widget\" data-widget_type=\"text-editor.default\">\n\t\t\t\t<div class=\"elementor-widget-container\">\n\t\t\t\t\t\t\t<p>\uc704\uce58 \ubc0f \uc5f0\ub77d\ucc98<\/p>\t\t\t\t\t\t<\/div>\n\t\t\t\t<\/div>\n\t\t\t\t\t<\/div>\n\t\t<\/div>\n\t\t\t\t\t\t\t<\/div>\n\t\t<\/section>\n\t\t\t\t<section class=\"elementor-section elementor-top-section elementor-element elementor-element-fb92e58 elementor-section-boxed elementor-section-height-default elementor-section-height-default\" data-id=\"fb92e58\" data-element_type=\"section\">\n\t\t\t\t\t\t<div class=\"elementor-container elementor-column-gap-default\">\n\t\t\t\t\t<div class=\"elementor-column elementor-col-50 elementor-top-column elementor-element elementor-element-2d0e0d8\" data-id=\"2d0e0d8\" data-element_type=\"column\">\n\t\t\t<div class=\"elementor-widget-wrap elementor-element-populated\">\n\t\t\t\t\t\t\t\t<div class=\"elementor-element elementor-element-28f4a4c elementor-widget elementor-widget-google_maps\" data-id=\"28f4a4c\" data-element_type=\"widget\" data-widget_type=\"google_maps.default\">\n\t\t\t\t<div class=\"elementor-widget-container\">\n\t\t\t<style>\/*! elementor - v3.6.7 - 03-07-2022 *\/\n.elementor-widget-google_maps .elementor-widget-container{overflow:hidden}.elementor-widget-google_maps iframe{height:300px}<\/style>\t\t<div class=\"elementor-custom-embed\">\n\t\t\t<iframe frameborder=\"0\" scrolling=\"no\" marginheight=\"0\" marginwidth=\"0\"\n\t\t\t\t\tsrc=\"https:\/\/maps.google.com\/maps?q=C%C3%94NG%20TY%20TNHH%20MTV%20VK%20SOHO%20OFFICES&#038;t=m&#038;z=10&#038;output=embed&#038;iwloc=near\"\n\t\t\t\t\ttitle=\"C\u00d4NG TY TNHH MTV VK SOHO OFFICES\"\n\t\t\t\t\taria-label=\"C\u00d4NG TY TNHH MTV VK SOHO OFFICES\"\n\t\t\t><\/iframe>\n\t\t<\/div>\n\t\t\t\t<\/div>\n\t\t\t\t<\/div>\n\t\t\t\t\t<\/div>\n\t\t<\/div>\n\t\t\t\t<div class=\"elementor-column elementor-col-50 elementor-top-column elementor-element elementor-element-6457df6\" data-id=\"6457df6\" data-element_type=\"column\">\n\t\t\t<div class=\"elementor-widget-wrap elementor-element-populated\">\n\t\t\t\t\t\t\t\t<div class=\"elementor-element elementor-element-59361f3f elementor-widget elementor-widget-text-editor\" data-id=\"59361f3f\" data-element_type=\"widget\" data-widget_type=\"text-editor.default\">\n\t\t\t\t<div class=\"elementor-widget-container\">\n\t\t\t\t\t\t\t<p>\ubc14\ub85c \uc5f0\ub77d\uc8fc\uc138\uc694<\/p>\t\t\t\t\t\t<\/div>\n\t\t\t\t<\/div>\n\t\t\t\t<div class=\"elementor-element elementor-element-94f116a jkit-equal-height-disable elementor-widget elementor-widget-jkit_icon_box\" data-id=\"94f116a\" data-element_type=\"widget\" data-widget_type=\"jkit_icon_box.default\">\n\t\t\t\t<div class=\"elementor-widget-container\">\n\t\t\t<div  class=\"jeg-elementor-kit jkit-icon-box icon-position-left elementor-animation- jeg_module___69ef4d9f28b21\" ><div class=\"jkit-icon-box-wrapper hover-from-left\"><div class=\"icon-box icon-box-header elementor-animation-\"><div class=\"icon style-color\"><i aria-hidden=\"true\" class=\"far fa-building\"><\/i><\/div><\/div><div class=\"icon-box icon-box-body\">\n                <h2 class=\"title\">\uc8fc\uc18c1<\/h2><p class=\"icon-box-description\">\ud638\uc9c0\ubbfc 7\uad70 T\u00e2n Phong\ub3d9 L\u00ea V\u0103n Thi\u00eam\ub85c 47- 49- 51<\/p>\n            <\/div>\n            \n            <\/div><\/div>\t\t<\/div>\n\t\t\t\t<\/div>\n\t\t\t\t<div class=\"elementor-element elementor-element-400919b jkit-equal-height-disable elementor-widget elementor-widget-jkit_icon_box\" data-id=\"400919b\" data-element_type=\"widget\" data-widget_type=\"jkit_icon_box.default\">\n\t\t\t\t<div class=\"elementor-widget-container\">\n\t\t\t<div  class=\"jeg-elementor-kit jkit-icon-box icon-position-left elementor-animation- jeg_module__1_69ef4d9f2c329\" ><div class=\"jkit-icon-box-wrapper hover-from-left\"><div class=\"icon-box icon-box-header elementor-animation-\"><div class=\"icon style-color\"><i aria-hidden=\"true\" class=\"fas fa-building\"><\/i><\/div><\/div><div class=\"icon-box icon-box-body\">\n                <h2 class=\"title\">\uc8fc\uc18c2<\/h2><p class=\"icon-box-description\">\ud638\uc9c0\ubbfc 7\uad70 T\u00e2n Phong\ub3d9 N\u1ed9i Khu H\u01b0ng Ph\u01b0\u1edbc II\ub85c 45-47<\/p>\n            <\/div>\n            \n            <\/div><\/div>\t\t<\/div>\n\t\t\t\t<\/div>\n\t\t\t\t<div class=\"elementor-element elementor-element-d9713a2 jkit-equal-height-disable elementor-widget elementor-widget-jkit_icon_box\" data-id=\"d9713a2\" data-element_type=\"widget\" data-widget_type=\"jkit_icon_box.default\">\n\t\t\t\t<div class=\"elementor-widget-container\">\n\t\t\t<div  class=\"jeg-elementor-kit jkit-icon-box icon-position-left elementor-animation- jeg_module__2_69ef4d9f30406\" ><div class=\"jkit-icon-box-wrapper hover-from-left\"><div class=\"icon-box icon-box-header elementor-animation-\"><div class=\"icon style-color\"><i aria-hidden=\"true\" class=\"jki jki-phone1-light\"><\/i><\/div><\/div><div class=\"icon-box icon-box-body\">\n                <h2 class=\"title\">\uc804\ud654\ubc88\ud638<\/h2><p class=\"icon-box-description\">(+84) 78 241 8585<\/p>\n            <\/div>\n            \n            <\/div><\/div>\t\t<\/div>\n\t\t\t\t<\/div>\n\t\t\t\t<div class=\"elementor-element elementor-element-ab3329f jkit-equal-height-disable elementor-widget elementor-widget-jkit_icon_box\" data-id=\"ab3329f\" data-element_type=\"widget\" data-widget_type=\"jkit_icon_box.default\">\n\t\t\t\t<div class=\"elementor-widget-container\">\n\t\t\t<div  class=\"jeg-elementor-kit jkit-icon-box icon-position-left elementor-animation- jeg_module__3_69ef4d9f340f4\" ><div class=\"jkit-icon-box-wrapper hover-from-left\"><div class=\"icon-box icon-box-header elementor-animation-\"><div class=\"icon style-color\"><i aria-hidden=\"true\" class=\"jki jki-email-light\"><\/i><\/div><\/div><div class=\"icon-box icon-box-body\">\n                <h2 class=\"title\">\uc774\uba54\uc77c<\/h2><p class=\"icon-box-description\">vksoho.marketing@gmail.com<\/p>\n            <\/div>\n            \n            <\/div><\/div>\t\t<\/div>\n\t\t\t\t<\/div>\n\t\t\t\t<div class=\"elementor-element elementor-element-cbcb837 jkit-equal-height-disable elementor-widget elementor-widget-jkit_icon_box\" data-id=\"cbcb837\" data-element_type=\"widget\" data-widget_type=\"jkit_icon_box.default\">\n\t\t\t\t<div class=\"elementor-widget-container\">\n\t\t\t<div  class=\"jeg-elementor-kit jkit-icon-box icon-position-left elementor-animation- jeg_module__4_69ef4d9f3baed\" ><div class=\"jkit-icon-box-wrapper hover-from-left\"><div class=\"icon-box icon-box-header elementor-animation-\"><div class=\"icon style-color\"><i aria-hidden=\"true\" class=\"fab fa-facebook\"><\/i><\/div><\/div><div class=\"icon-box icon-box-body\">\n                <h2 class=\"title\">Fanpage Facebook<\/h2><p class=\"icon-box-description\">VK Soho Office<\/p>\n            <\/div>\n            \n            <\/div><\/div>\t\t<\/div>\n\t\t\t\t<\/div>\n\t\t\t\t<div class=\"elementor-element elementor-element-d514b82 jkit-equal-height-disable elementor-widget elementor-widget-jkit_icon_box\" data-id=\"d514b82\" data-element_type=\"widget\" data-widget_type=\"jkit_icon_box.default\">\n\t\t\t\t<div class=\"elementor-widget-container\">\n\t\t\t<div  class=\"jeg-elementor-kit jkit-icon-box icon-position-left elementor-animation- jeg_module__5_69ef4d9f3fc85\" ><div class=\"jkit-icon-box-wrapper hover-from-left\"><div class=\"icon-box icon-box-header elementor-animation-\"><div class=\"icon style-color\"><i aria-hidden=\"true\" class=\"fab fa-instagram\"><\/i><\/div><\/div><div class=\"icon-box icon-box-body\">\n                <h2 class=\"title\">Instagram<\/h2><p class=\"icon-box-description\">vk_soho_office<\/p>\n            <\/div>\n            \n            <\/div><\/div>\t\t<\/div>\n\t\t\t\t<\/div>\n\t\t\t\t<div class=\"elementor-element elementor-element-d6fe1ca icon-zalo jkit-equal-height-disable elementor-widget elementor-widget-jkit_icon_box\" data-id=\"d6fe1ca\" data-element_type=\"widget\" data-widget_type=\"jkit_icon_box.default\">\n\t\t\t\t<div class=\"elementor-widget-container\">\n\t\t\t<div  class=\"jeg-elementor-kit jkit-icon-box icon-position-left elementor-animation- jeg_module__6_69ef4d9f43893\" ><div class=\"jkit-icon-box-wrapper hover-from-left\"><div class=\"icon-box icon-box-header elementor-animation-\"><div class=\"icon style-color\"><svg id=\"Layer_1\" xmlns=\"http:\/\/www.w3.org\/2000\/svg\" viewbox=\"0 0 460.1 436.6\" width=\"2500\" height=\"2372\"><style>.st0{fill:#fdfefe}.st1{fill:#0180c7}.st2{fill:#0172b1}.st3{fill:none;stroke:#0180c7;stroke-width:2;stroke-miterlimit:10}<\/style><title>logo-zalo-vector<\/title><path class=\"st0\" d=\"M82.6 380.9c-1.8-.8-3.1-1.7-1-3.5 1.3-1 2.7-1.9 4.1-2.8 13.1-8.5 25.4-17.8 33.5-31.5 6.8-11.4 5.7-18.1-2.8-26.5C69 269.2 48.2 212.5 58.6 145.5 64.5 107.7 81.8 75 107 46.6c15.2-17.2 33.3-31.1 53.1-42.7 1.2-.7 2.9-.9 3.1-2.7-.4-1-1.1-.7-1.7-.7-33.7 0-67.4-.7-101 .2C28.3 1.7.5 26.6.6 62.3c.2 104.3 0 208.6 0 313 0 32.4 24.7 59.5 57 60.7 27.3 1.1 54.6.2 82 .1 2 .1 4 .2 6 .2H290c36 0 72 .2 108 0 33.4 0 60.5-27 60.5-60.3v-.6-58.5c0-1.4.5-2.9-.4-4.4-1.8.1-2.5 1.6-3.5 2.6-19.4 19.5-42.3 35.2-67.4 46.3-61.5 27.1-124.1 29-187.6 7.2-5.5-2-11.5-2.2-17.2-.8-8.4 2.1-16.7 4.6-25 7.1-24.4 7.6-49.3 11-74.8 6zm72.5-168.5c1.7-2.2 2.6-3.5 3.6-4.8 13.1-16.6 26.2-33.2 39.3-49.9 3.8-4.8 7.6-9.7 10-15.5 2.8-6.6-.2-12.8-7-15.2-3-.9-6.2-1.3-9.4-1.1-17.8-.1-35.7-.1-53.5 0-2.5 0-5 .3-7.4.9-5.6 1.4-9 7.1-7.6 12.8 1 3.8 4 6.8 7.8 7.7 2.4.6 4.9.9 7.4.8 10.8.1 21.7 0 32.5.1 1.2 0 2.7-.8 3.6 1-.9 1.2-1.8 2.4-2.7 3.5-15.5 19.6-30.9 39.3-46.4 58.9-3.8 4.9-5.8 10.3-3 16.3s8.5 7.1 14.3 7.5c4.6.3 9.3.1 14 .1 16.2 0 32.3.1 48.5-.1 8.6-.1 13.2-5.3 12.3-13.3-.7-6.3-5-9.6-13-9.7-14.1-.1-28.2 0-43.3 0zm116-52.6c-12.5-10.9-26.3-11.6-39.8-3.6-16.4 9.6-22.4 25.3-20.4 43.5 1.9 17 9.3 30.9 27.1 36.6 11.1 3.6 21.4 2.3 30.5-5.1 2.4-1.9 3.1-1.5 4.8.6 3.3 4.2 9 5.8 14 3.9 5-1.5 8.3-6.1 8.3-11.3.1-20 .2-40 0-60-.1-8-7.6-13.1-15.4-11.5-4.3.9-6.7 3.8-9.1 6.9zm69.3 37.1c-.4 25 20.3 43.9 46.3 41.3 23.9-2.4 39.4-20.3 38.6-45.6-.8-25-19.4-42.1-44.9-41.3-23.9.7-40.8 19.9-40 45.6zm-8.8-19.9c0-15.7.1-31.3 0-47 0-8-5.1-13-12.7-12.9-7.4.1-12.3 5.1-12.4 12.8-.1 4.7 0 9.3 0 14v79.5c0 6.2 3.8 11.6 8.8 12.9 6.9 1.9 14-2.2 15.8-9.1.3-1.2.5-2.4.4-3.7.2-15.5.1-31 .1-46.5z\"\/><path class=\"st1\" d=\"M139.5 436.2c-27.3 0-54.7.9-82-.1-32.3-1.3-57-28.4-57-60.7 0-104.3.2-208.6 0-313C.5 26.7 28.4 1.8 60.5.9c33.6-.9 67.3-.2 101-.2.6 0 1.4-.3 1.7.7-.2 1.8-2 2-3.1 2.7-19.8 11.6-37.9 25.5-53.1 42.7-25.1 28.4-42.5 61-48.4 98.9-10.4 66.9 10.5 123.7 57.8 171.1 8.4 8.5 9.5 15.1 2.8 26.5-8.1 13.7-20.4 23-33.5 31.5-1.4.8-2.8 1.8-4.2 2.7-2.1 1.8-.8 2.7 1 3.5.4.9.9 1.7 1.5 2.5 11.5 10.2 22.4 21.1 33.7 31.5 5.3 4.9 10.6 10 15.7 15.1 2.1 1.9 5.6 2.5 6.1 6.1z\"\/><path class=\"st2\" d=\"M139.5 436.2c-.5-3.5-4-4.1-6.1-6.2-5.1-5.2-10.4-10.2-15.7-15.1-11.3-10.4-22.2-21.3-33.7-31.5-.6-.8-1.1-1.6-1.5-2.5 25.5 5 50.4 1.6 74.9-5.9 8.3-2.5 16.6-5 25-7.1 5.7-1.5 11.7-1.2 17.2.8 63.4 21.8 126 19.8 187.6-7.2 25.1-11.1 48-26.7 67.4-46.2 1-1 1.7-2.5 3.5-2.6.9 1.4.4 2.9.4 4.4v58.5c.2 33.4-26.6 60.6-60 60.9h-.5c-36 .2-72 0-108 0H145.5c-2-.2-4-.3-6-.3z\"\/><path class=\"st1\" d=\"M155.1 212.4c15.1 0 29.3-.1 43.4 0 7.9.1 12.2 3.4 13 9.7.9 7.9-3.7 13.2-12.3 13.3-16.2.2-32.3.1-48.5.1-4.7 0-9.3.2-14-.1-5.8-.3-11.5-1.5-14.3-7.5s-.8-11.4 3-16.3c15.4-19.6 30.9-39.3 46.4-58.9.9-1.2 1.8-2.4 2.7-3.5-1-1.7-2.4-.9-3.6-1-10.8-.1-21.7 0-32.5-.1-2.5 0-5-.3-7.4-.8-5.7-1.3-9.2-7-7.9-12.6.9-3.8 3.9-6.9 7.7-7.8 2.4-.6 4.9-.9 7.4-.9 17.8-.1 35.7-.1 53.5 0 3.2-.1 6.3.3 9.4 1.1 6.8 2.3 9.7 8.6 7 15.2-2.4 5.7-6.2 10.6-10 15.5-13.1 16.7-26.2 33.3-39.3 49.8-1.1 1.3-2.1 2.6-3.7 4.8z\"\/><path class=\"st1\" d=\"M271.1 159.8c2.4-3.1 4.9-6 9-6.8 7.9-1.6 15.3 3.5 15.4 11.5.3 20 .2 40 0 60 0 5.2-3.4 9.8-8.3 11.3-5 1.9-10.7.4-14-3.9-1.7-2.1-2.4-2.5-4.8-.6-9.1 7.4-19.4 8.7-30.5 5.1-17.8-5.8-25.1-19.7-27.1-36.6-2.1-18.3 4-33.9 20.4-43.5 13.6-8.1 27.4-7.4 39.9 3.5zm-35.4 36.5c.2 4.4 1.6 8.6 4.2 12.1 5.4 7.2 15.7 8.7 23 3.3 1.2-.9 2.3-2 3.3-3.3 5.6-7.6 5.6-20.1 0-27.7-2.8-3.9-7.2-6.2-11.9-6.3-11-.7-18.7 7.8-18.6 21.9zM340.4 196.9c-.8-25.7 16.1-44.9 40.1-45.6 25.5-.8 44.1 16.3 44.9 41.3.8 25.3-14.7 43.2-38.6 45.6-26.1 2.6-46.8-16.3-46.4-41.3zm25.1-2.4c-.2 5 1.3 9.9 4.3 14 5.5 7.2 15.8 8.6 23 3 1.1-.8 2-1.8 2.9-2.8 5.8-7.6 5.8-20.4.1-28-2.8-3.8-7.2-6.2-11.9-6.3-10.8-.6-18.4 7.6-18.4 20.1zM331.6 177c0 15.5.1 31 0 46.5.1 7.1-5.5 13-12.6 13.2-1.2 0-2.5-.1-3.7-.4-5-1.3-8.8-6.6-8.8-12.9v-79.5c0-4.7-.1-9.3 0-14 .1-7.7 5-12.7 12.4-12.7 7.6-.1 12.7 4.9 12.7 12.9.1 15.6 0 31.3 0 46.9z\"\/><path class=\"st0\" d=\"M235.7 196.3c-.1-14.1 7.6-22.6 18.5-22 4.7.2 9.1 2.5 11.9 6.4 5.6 7.5 5.6 20.1 0 27.7-5.4 7.2-15.7 8.7-23 3.3-1.2-.9-2.3-2-3.3-3.3-2.5-3.5-3.9-7.7-4.1-12.1zM365.5 194.5c0-12.4 7.6-20.7 18.4-20.1 4.7.1 9.1 2.5 11.9 6.3 5.7 7.6 5.7 20.5-.1 28-5.6 7.1-16 8.3-23.1 2.7-1.1-.8-2-1.8-2.8-2.9-3-4.1-4.4-9-4.3-14z\"\/><path class=\"st3\" d=\"M66 1h328.1c35.9 0 65 29.1 65 65v303c0 35.9-29.1 65-65 65H66c-35.9 0-65-29.1-65-65V66C1 30.1 30.1 1 66 1z\"\/><\/svg><\/div><\/div><div class=\"icon-box icon-box-body\">\n                <h2 class=\"title\">Zalo<\/h2><p class=\"icon-box-description\">(+84) 78 241 8585<\/p>\n            <\/div>\n            \n            <\/div><\/div>\t\t<\/div>\n\t\t\t\t<\/div>\n\t\t\t\t<div class=\"elementor-element elementor-element-f153ea7 icon-zalo jkit-equal-height-disable elementor-widget elementor-widget-jkit_icon_box\" data-id=\"f153ea7\" data-element_type=\"widget\" data-widget_type=\"jkit_icon_box.default\">\n\t\t\t\t<div class=\"elementor-widget-container\">\n\t\t\t<div  class=\"jeg-elementor-kit jkit-icon-box icon-position-left elementor-animation- jeg_module__7_69ef4d9f478bb\" ><div class=\"jkit-icon-box-wrapper hover-from-left\"><div class=\"icon-box icon-box-header elementor-animation-\"><div class=\"icon style-color\"><svg xmlns=\"http:\/\/www.w3.org\/2000\/svg\" viewbox=\"0 0 24 24\"><path d=\"m5.126 24c-.178 0-.369-.043-.548-.157-.383-.246-.479-.677-.445-1 .041-.298.67-2.673 1.017-3.971-3.237-1.938-5.15-5.081-5.15-8.51 0-5.714 5.383-10.362 12-10.362s12 4.648 12 10.362-5.383 10.362-12 10.362c-.602 0-1.202-.039-1.793-.115-3.826 2.914-4.498 3.274-4.762 3.343-.095.03-.204.048-.319.048zm6.874-22.5c-5.79 0-10.5 3.976-10.5 8.862 0 3.046 1.823 5.844 4.878 7.483.307.165.46.519.37.855-.265.983-.615 2.308-.855 3.238.832-.587 2.145-1.56 3.654-2.711.162-.125.367-.178.569-.145.616.095 1.25.143 1.884.143 5.79 0 10.5-3.976 10.5-8.862s-4.71-8.863-10.5-8.863z\"><\/path><path d=\"m6.5 9.25h-3c-.414 0-.75-.336-.75-.75s.336-.75.75-.75h3c.414 0 .75.336.75.75s-.336.75-.75.75z\"><\/path><path d=\"M5 14.25c-.414 0-.75-.336-.75-.75v-5c0-.414.336-.75.75-.75s.75.336.75.75v5c0 .414-.336.75-.75.75zM13.5 14.25c-.414 0-.75-.336-.75-.75v-5c0-.414.336-.75.75-.75s.75.336.75.75v5c0 .414-.336.75-.75.75zM7.5 14.25c-.093 0-.188-.017-.278-.054-.385-.154-.572-.59-.418-.975l2-5c.153-.385.592-.572.975-.418.385.154.572.59.418.975l-2 5c-.118.294-.399.472-.697.472z\"><\/path><path d=\"m11.5 14.25c-.298 0-.579-.178-.696-.472l-2-5c-.155-.384.033-.82.418-.974.382-.154.821.033.975.418l2 5c.154.384-.033.821-.418.975-.091.036-.186.053-.279.053z\"><\/path><path d=\"M10.756 12.75h-2.512c-.414 0-.75-.336-.75-.75s.336-.75.75-.75h2.512c.414 0 .75.336.75.75s-.336.75-.75.75zM15.5 14.25h-2c-.414 0-.75-.336-.75-.75s.336-.75.75-.75h2c.414 0 .75.336.75.75s-.336.75-.75.75zM17.5 14.25c-.414 0-.75-.336-.75-.75v-5c0-.414.336-.75.75-.75s.75.336.75.75v5c0 .414-.336.75-.75.75z\"><\/path><path d=\"m17.5 12.25c-.192 0-.384-.073-.53-.22-.293-.293-.293-.768 0-1.061l3-3c.293-.293.768-.293 1.061 0s.293.768 0 1.061l-3 3c-.147.147-.34.22-.531.22z\"><\/path><path d=\"m20.5 14.25c-.211 0-.421-.089-.569-.261l-2.31-2.69c-.27-.314-.233-.788.081-1.058.315-.27.788-.232 1.058.08l2.31 2.69c.27.314.233.788-.081 1.058-.142.121-.316.181-.489.181z\"><\/path><\/svg><\/div><\/div><div class=\"icon-box icon-box-body\">\n                <h2 class=\"title\">Kakaotalk<\/h2><p class=\"icon-box-description\">ID: VKVIETNAM<\/p>\n            <\/div>\n            \n            <\/div><\/div>\t\t<\/div>\n\t\t\t\t<\/div>\n\t\t\t\t\t<\/div>\n\t\t<\/div>\n\t\t\t\t\t\t\t<\/div>\n\t\t<\/section>\n\t\t\t\t<section class=\"elementor-section elementor-top-section elementor-element elementor-element-67edd3e elementor-section-boxed elementor-section-height-default elementor-section-height-default\" data-id=\"67edd3e\" data-element_type=\"section\">\n\t\t\t\t\t\t<div class=\"elementor-container elementor-column-gap-default\">\n\t\t\t\t\t<div class=\"elementor-column elementor-col-100 elementor-top-column elementor-element elementor-element-41664cb\" data-id=\"41664cb\" data-element_type=\"column\">\n\t\t\t<div class=\"elementor-widget-wrap elementor-element-populated\">\n\t\t\t\t\t\t\t\t<div class=\"elementor-element elementor-element-34d14a2 elementor-widget elementor-widget-google_maps\" data-id=\"34d14a2\" data-element_type=\"widget\" data-widget_type=\"google_maps.default\">\n\t\t\t\t<div class=\"elementor-widget-container\">\n\t\t\t\t\t<div class=\"elementor-custom-embed\">\n\t\t\t<iframe frameborder=\"0\" scrolling=\"no\" marginheight=\"0\" marginwidth=\"0\"\n\t\t\t\t\tsrc=\"https:\/\/maps.google.com\/maps?q=45-%2047%20N%E1%BB%99i%20Khu%20H%C6%B0ng%20Ph%C6%B0%E1%BB%9Bc%20II%2C%20ph%C6%B0%E1%BB%9Dng%20T%C3%A2n%20Phong%2C%20qu%E1%BA%ADn%207%2C%20H%E1%BB%93%20Ch%C3%AD%20Minh.&#038;t=m&#038;z=10&#038;output=embed&#038;iwloc=near\"\n\t\t\t\t\ttitle=\"45- 47 N\u1ed9i Khu H\u01b0ng Ph\u01b0\u1edbc II, ph\u01b0\u1eddng T\u00e2n Phong, qu\u1eadn 7, H\u1ed3 Ch\u00ed Minh.\"\n\t\t\t\t\taria-label=\"45- 47 N\u1ed9i Khu H\u01b0ng Ph\u01b0\u1edbc II, ph\u01b0\u1eddng T\u00e2n Phong, qu\u1eadn 7, H\u1ed3 Ch\u00ed Minh.\"\n\t\t\t><\/iframe>\n\t\t<\/div>\n\t\t\t\t<\/div>\n\t\t\t\t<\/div>\n\t\t\t\t\t<\/div>\n\t\t<\/div>\n\t\t\t\t\t\t\t<\/div>\n\t\t<\/section>\n\t\t\t\t<section class=\"elementor-section elementor-top-section elementor-element elementor-element-840b7c9 elementor-section-boxed elementor-section-height-default elementor-section-height-default\" data-id=\"840b7c9\" data-element_type=\"section\" data-settings=\"{&quot;background_background&quot;:&quot;classic&quot;}\">\n\t\t\t\t\t\t\t<div class=\"elementor-background-overlay\"><\/div>\n\t\t\t\t\t\t\t<div class=\"elementor-container elementor-column-gap-no\">\n\t\t\t\t\t<div class=\"elementor-column elementor-col-100 elementor-top-column elementor-element elementor-element-c90b274\" data-id=\"c90b274\" data-element_type=\"column\" data-settings=\"{&quot;background_background&quot;:&quot;classic&quot;}\">\n\t\t\t<div class=\"elementor-widget-wrap elementor-element-populated\">\n\t\t\t\t\t\t\t\t<div class=\"elementor-element elementor-element-35afbef title-heading-box elementor-widget elementor-widget-heading\" data-id=\"35afbef\" data-element_type=\"widget\" data-widget_type=\"heading.default\">\n\t\t\t\t<div class=\"elementor-widget-container\">\n\t\t\t<h2 class=\"elementor-heading-title elementor-size-default\">\uc800\ud76c\uc5d0\uac8c \ubc14\ub85c \uc5f0\ub77d\ud574\uc11c \uc800\ud76c\uac00 \ub3c4\uc640\ub4dc\ub9ac\uaca0\uc2b5\ub2c8\ub2e4<\/h2>\t\t<\/div>\n\t\t\t\t<\/div>\n\t\t\t\t<div class=\"elementor-element elementor-element-043f53f elementor-widget elementor-widget-text-editor\" data-id=\"043f53f\" data-element_type=\"widget\" data-widget_type=\"text-editor.default\">\n\t\t\t\t<div class=\"elementor-widget-container\">\n\t\t\t\t\t\t\t<p>VK Soho\ub294 \ud6a8\uacfc\uc801\uc778 \uc0ac\uc5c5 \uacc4\ud68d\uc744 \uc138\uc6b8 \uc218 \uc788\ub3c4\ub85d \ub3c4\uc640\uc90d\ub2c8\ub2e4.<\/p>\t\t\t\t\t\t<\/div>\n\t\t\t\t<\/div>\n\t\t\t\t<div class=\"elementor-element elementor-element-0efd1a7 elementor-align-center elementor-mobile-align-center elementor-widget elementor-widget-button\" data-id=\"0efd1a7\" data-element_type=\"widget\" data-widget_type=\"button.default\">\n\t\t\t\t<div class=\"elementor-widget-container\">\n\t\t\t\t\t<div class=\"elementor-button-wrapper\">\n\t\t\t<a href=\"https:\/\/vkoutsourcing.com.vn\/dia-diem-va-lien-he\/\" class=\"elementor-button-link elementor-button elementor-size-sm elementor-animation-float\" role=\"button\">\n\t\t\t\t\t\t<span class=\"elementor-button-content-wrapper\">\n\t\t\t\t\t\t<span class=\"elementor-button-text\">\ubb34\ub8cc \uc0c1\ub2f4<\/span>\n\t\t<\/span>\n\t\t\t\t\t<\/a>\n\t\t<\/div>\n\t\t\t\t<\/div>\n\t\t\t\t<\/div>\n\t\t\t\t\t<\/div>\n\t\t<\/div>\n\t\t\t\t\t\t\t<\/div>\n\t\t<\/section>\n\t\t\t\t<section class=\"elementor-section elementor-top-section elementor-element elementor-element-615bfc3 elementor-section-boxed elementor-section-height-default elementor-section-height-default\" data-id=\"615bfc3\" data-element_type=\"section\">\n\t\t\t\t\t\t<div class=\"elementor-container elementor-column-gap-default\">\n\t\t\t\t\t<div class=\"elementor-column elementor-col-100 elementor-top-column elementor-element elementor-element-5ded21f\" data-id=\"5ded21f\" data-element_type=\"column\">\n\t\t\t<div class=\"elementor-widget-wrap elementor-element-populated\">\n\t\t\t\t\t\t\t\t<div class=\"elementor-element elementor-element-881d736 elementor-widget elementor-widget-shortcode\" data-id=\"881d736\" data-element_type=\"widget\" data-widget_type=\"shortcode.default\">\n\t\t\t\t<div class=\"elementor-widget-container\">\n\t\t\t\t\t<div class=\"elementor-shortcode\">[wpgmza id=\"1\"]<\/div>\n\t\t\t\t<\/div>\n\t\t\t\t<\/div>\n\t\t\t\t\t<\/div>\n\t\t<\/div>\n\t\t\t\t\t\t\t<\/div>\n\t\t<\/section>\n\t\t\t\t\t\t\t<\/div>","protected":false},"excerpt":{"rendered":"<p>\u0110\u1ecaA \u0110I\u1ec2M V\u00c0 LI\u00caN H\u1ec6 Trang ch\u1ee7\/ \u0110\u1ecba \u0111i\u1ec3m v\u00e0 li\u00ean h\u1ec7 Li\u00ean H\u1ec7 Ch\u00fang T\u00f4i C\u01a1 s\u1edf 1 47- 49- 51 L\u00ea V\u0103n Thi\u00eam, P. T\u00e2n Phong, Q.7, HCM C\u01a1 s\u1edf 2 45- 47 N\u1ed9i Khu H\u01b0ng Ph\u01b0\u1edbc II, P.T\u00e2n Phong, Q.7, HCM Li\u00ean l\u1ea1c v\u0103n ph\u00f2ng (+84) 78 241 8585 Email vksoho.marketing@gmail.com Fanpage&hellip; <a class=\"more-link\" href=\"https:\/\/vkoutsourcing.com\/ko\/dia-diem-va-lien-he\/\">Continue reading <span class=\"screen-reader-text\">\uc704\uce58 \ubc0f \uc5f0\ub77d\ucc98<\/span><\/a><\/p>","protected":false},"author":1,"featured_media":0,"parent":0,"menu_order":0,"comment_status":"closed","ping_status":"closed","template":"elementor_header_footer","meta":{"inline_featured_image":false},"_links":{"self":[{"href":"https:\/\/vkoutsourcing.com\/ko\/wp-json\/wp\/v2\/pages\/240"}],"collection":[{"href":"https:\/\/vkoutsourcing.com\/ko\/wp-json\/wp\/v2\/pages"}],"about":[{"href":"https:\/\/vkoutsourcing.com\/ko\/wp-json\/wp\/v2\/types\/page"}],"author":[{"embeddable":true,"href":"https:\/\/vkoutsourcing.com\/ko\/wp-json\/wp\/v2\/users\/1"}],"replies":[{"embeddable":true,"href":"https:\/\/vkoutsourcing.com\/ko\/wp-json\/wp\/v2\/comments?post=240"}],"version-history":[{"count":199,"href":"https:\/\/vkoutsourcing.com\/ko\/wp-json\/wp\/v2\/pages\/240\/revisions"}],"predecessor-version":[{"id":3084,"href":"https:\/\/vkoutsourcing.com\/ko\/wp-json\/wp\/v2\/pages\/240\/revisions\/3084"}],"wp:attachment":[{"href":"https:\/\/vkoutsourcing.com\/ko\/wp-json\/wp\/v2\/media?parent=240"}],"curies":[{"name":"wp","href":"https:\/\/api.w.org\/{rel}","templated":true}]}}