{"id":3204,"date":"2023-02-15T04:58:40","date_gmt":"2023-02-15T04:58:40","guid":{"rendered":"https:\/\/vkoutsourcing.com.vn\/?p=3204"},"modified":"2023-02-15T09:10:41","modified_gmt":"2023-02-15T09:10:41","slug":"cong-tac-vien-bien-phien-dich-tieng-han","status":"publish","type":"page","link":"https:\/\/vkoutsourcing.com\/ko\/tuyen-dung-nhan-su\/viec-lam-danh-cho-ban\/cong-tac-vien-bien-phien-dich-tieng-han\/","title":{"rendered":"C\u1ed9ng T\u00e1c Vi\u00ean Bi\u00ean Phi\u00ean D\u1ecbch Ti\u1ebfng H\u00e0n"},"content":{"rendered":"<div data-elementor-type=\"wp-post\" data-elementor-id=\"3204\" class=\"elementor elementor-3204\">\n\t\t\t\t\t\t\t\t\t<section class=\"elementor-section elementor-top-section elementor-element elementor-element-50bd3653 elementor-section-stretched elementor-section-boxed elementor-section-height-default elementor-section-height-default\" data-id=\"50bd3653\" data-element_type=\"section\" data-settings=\"{&quot;stretch_section&quot;:&quot;section-stretched&quot;}\">\n\t\t\t\t\t\t<div class=\"elementor-container elementor-column-gap-default\">\n\t\t\t\t\t<div class=\"elementor-column elementor-col-100 elementor-top-column elementor-element elementor-element-712f89ba\" data-id=\"712f89ba\" data-element_type=\"column\">\n\t\t\t<div class=\"elementor-widget-wrap elementor-element-populated\">\n\t\t\t\t\t\t\t\t<section class=\"elementor-section elementor-inner-section elementor-element elementor-element-55d3490 elementor-section-boxed elementor-section-height-default elementor-section-height-default\" data-id=\"55d3490\" data-element_type=\"section\">\n\t\t\t\t\t\t<div class=\"elementor-container elementor-column-gap-default\">\n\t\t\t\t\t<div class=\"elementor-column elementor-col-50 elementor-inner-column elementor-element elementor-element-e96b7e7\" data-id=\"e96b7e7\" data-element_type=\"column\">\n\t\t\t<div class=\"elementor-widget-wrap elementor-element-populated\">\n\t\t\t\t\t\t\t\t<div class=\"elementor-element elementor-element-a9caf78 elementor-widget elementor-widget-image\" data-id=\"a9caf78\" data-element_type=\"widget\" data-widget_type=\"image.default\">\n\t\t\t\t<div class=\"elementor-widget-container\">\n\t\t\t<style>\/*! elementor - v3.6.7 - 03-07-2022 *\/\n.elementor-widget-image{text-align:center}.elementor-widget-image a{display:inline-block}.elementor-widget-image a img[src$=\".svg\"]{width:48px}.elementor-widget-image img{vertical-align:middle;display:inline-block}<\/style>\t\t\t\t\t\t\t\t\t\t\t\t<img decoding=\"async\" width=\"300\" height=\"226\" src=\"https:\/\/vkoutsourcing.com\/wp-content\/uploads\/2023\/02\/logo-VK-CO-WK-2-300x226.png\" class=\"attachment-medium size-medium\" alt=\"\" loading=\"lazy\" srcset=\"https:\/\/vkoutsourcing.com\/wp-content\/uploads\/2023\/02\/logo-VK-CO-WK-2-300x226.png 300w, https:\/\/vkoutsourcing.com\/wp-content\/uploads\/2023\/02\/logo-VK-CO-WK-2-1024x772.png 1024w, https:\/\/vkoutsourcing.com\/wp-content\/uploads\/2023\/02\/logo-VK-CO-WK-2-768x579.png 768w, https:\/\/vkoutsourcing.com\/wp-content\/uploads\/2023\/02\/logo-VK-CO-WK-2-1536x1158.png 1536w, https:\/\/vkoutsourcing.com\/wp-content\/uploads\/2023\/02\/logo-VK-CO-WK-2-2048x1543.png 2048w, https:\/\/vkoutsourcing.com\/wp-content\/uploads\/2023\/02\/logo-VK-CO-WK-2-16x12.png 16w, https:\/\/vkoutsourcing.com\/wp-content\/uploads\/2023\/02\/logo-VK-CO-WK-2-1568x1182.png 1568w\" sizes=\"(max-width: 300px) 100vw, 300px\" style=\"width:100%;height:75.36%;max-width:3706px\" \/>\t\t\t\t\t\t\t\t\t\t\t\t\t\t\t<\/div>\n\t\t\t\t<\/div>\n\t\t\t\t\t<\/div>\n\t\t<\/div>\n\t\t\t\t<div class=\"elementor-column elementor-col-50 elementor-inner-column elementor-element elementor-element-93ec7a5\" data-id=\"93ec7a5\" data-element_type=\"column\">\n\t\t\t<div class=\"elementor-widget-wrap elementor-element-populated\">\n\t\t\t\t\t\t\t\t<div class=\"elementor-element elementor-element-c165373 elementor-widget elementor-widget-spacer\" data-id=\"c165373\" data-element_type=\"widget\" data-widget_type=\"spacer.default\">\n\t\t\t\t<div class=\"elementor-widget-container\">\n\t\t\t<style>\/*! elementor - v3.6.7 - 03-07-2022 *\/\n.e-container.e-container--row .elementor-spacer-inner{width:var(--spacer-size)}.e-container.e-container--column .elementor-spacer-inner,.elementor-column .elementor-spacer-inner{height:var(--spacer-size)}<\/style>\t\t<div class=\"elementor-spacer\">\n\t\t\t<div class=\"elementor-spacer-inner\"><\/div>\n\t\t<\/div>\n\t\t\t\t<\/div>\n\t\t\t\t<\/div>\n\t\t\t\t<div class=\"elementor-element elementor-element-f5ee8e8 elementor-widget elementor-widget-text-editor\" data-id=\"f5ee8e8\" data-element_type=\"widget\" data-widget_type=\"text-editor.default\">\n\t\t\t\t<div class=\"elementor-widget-container\">\n\t\t\t<style>\/*! elementor - v3.6.7 - 03-07-2022 *\/\n.elementor-widget-text-editor.elementor-drop-cap-view-stacked .elementor-drop-cap{background-color:#818a91;color:#fff}.elementor-widget-text-editor.elementor-drop-cap-view-framed .elementor-drop-cap{color:#818a91;border:3px solid;background-color:transparent}.elementor-widget-text-editor:not(.elementor-drop-cap-view-default) .elementor-drop-cap{margin-top:8px}.elementor-widget-text-editor:not(.elementor-drop-cap-view-default) .elementor-drop-cap-letter{width:1em;height:1em}.elementor-widget-text-editor .elementor-drop-cap{float:left;text-align:center;line-height:1;font-size:50px}.elementor-widget-text-editor .elementor-drop-cap-letter{display:inline-block}<\/style>\t\t\t\t<p>VK HR SOLUTION thu\u1ed9c VK\u00a0 SOHO OFFICES l\u00e0 c\u00f4ng ty chuy\u00ean v\u1ec1 d\u1ecbch v\u1ee5 bi\u00ean phi\u00ean d\u1ecbch ti\u1ebfng H\u00e0n v\u00e0 tuy\u1ec3n d\u1ee5ng nh\u00e2n s\u1ef1 to\u00e0n di\u1ec7n cho c\u00e1c doanh nghi\u1ec7p v\u1eeba v\u00e0 nh\u1ecf. Hi\u1ec7n t\u1ea1i ch\u00fang t\u00f4i \u0111ang t\u00ecm ki\u1ebfm c\u1ed9ng t\u00e1c vi\u00ean bi\u00ean phi\u00ean d\u1ecbch ti\u1ebfng H\u00e0n chuy\u00ean nghi\u1ec7p.<\/p>\t\t\t\t\t\t<\/div>\n\t\t\t\t<\/div>\n\t\t\t\t\t<\/div>\n\t\t<\/div>\n\t\t\t\t\t\t\t<\/div>\n\t\t<\/section>\n\t\t\t\t<div class=\"elementor-element elementor-element-3d2ad248 elementor-drop-cap-yes elementor-drop-cap-view-default elementor-widget elementor-widget-text-editor\" data-id=\"3d2ad248\" data-element_type=\"widget\" data-settings=\"{&quot;drop_cap&quot;:&quot;yes&quot;}\" data-widget_type=\"text-editor.default\">\n\t\t\t\t<div class=\"elementor-widget-container\">\n\t\t\t\t\t\t\t<div>\n<div>\u00a0<\/div>\n<div><span style=\"font-family: 'Libre Franklin', sans-serif;\"><b>C\u00f4ng vi\u1ec7c ch\u00ednh:<\/b>\u00a0<\/span><span style=\"font-family: Libre Franklin, sans-serif;\">Phi\u00ean d\u1ecbch H\u00e0n &#8211; Vi\u1ec7t cho cu\u1ed9c h\u1ecdp, du l\u1ecbch, v.v&#8230; ho\u1eb7c bi\u00ean d\u1ecbch t\u00e0i li\u1ec7u.<\/span><\/div>\n<div><span style=\"font-family: Libre Franklin, sans-serif;\">\u00a0<\/span><\/div>\n<div><span style=\"font-family: Libre Franklin, sans-serif;\"><b>Y\u00eau c\u1ea7u:\u00a0<\/b><\/span><\/div>\n<div>\n<div>\u00a0+ C\u00f3 kinh nghi\u1ec7m bi\u00ean phi\u00ean d\u1ecbch ti\u1ebfng H\u00e0n.<\/div>\n<div>\u00a0+ Topik 3 tr\u1edf l\u00ean.<\/div>\n<div>\u00a0+ C\u00f3 kh\u1ea3 n\u0103ng l\u00e0m vi\u1ec7c linh ho\u1ea1t v\u00e0 phi\u00ean d\u1ecbch theo y\u00eau c\u1ea7u c\u1ee7a kh\u00e1ch h\u00e0ng.<\/div>\n<div>\u00a0<\/div>\n<\/div>\n<div><span style=\"font-family: Libre Franklin, sans-serif;\"><b>Quy\u1ec1n l\u1ee3i:\u00a0<\/b><\/span><\/div>\n<div><span style=\"font-family: Libre Franklin, sans-serif;\">\u00a0+ M\u1ee9c thu nh\u1eadp h\u1ea5p d\u1eabn v\u00e0 t\u00f9y v\u00e0o n\u0103ng l\u1ef1c.<\/span><\/div>\n<div><span style=\"font-family: Libre Franklin, sans-serif;\">\u00a0+ \u0110\u01b0\u1ee3c l\u00e0m vi\u1ec7c trong m\u00f4i tr\u01b0\u1eddng chuy\u00ean nghi\u1ec7p c\u1ee7a c\u00e1c c\u00f4ng ty H\u00e0n Qu\u1ed1c.<\/span><\/div>\n<div><span style=\"font-family: Libre Franklin, sans-serif;\">\u00a0+ Ch\u00ednh s\u00e1ch chi tr\u1ea3 r\u00f5 r\u00e0ng, minh b\u1ea1ch.<\/span><\/div>\n<div><span style=\"font-family: Libre Franklin, sans-serif;\">\u00a0+ Th\u1eddi gian l\u00e0m vi\u1ec7c t\u1ef1 do, linh ho\u1ea1t.<\/span><\/div>\n<div><span style=\"font-family: Libre Franklin, sans-serif;\">\u00a0+ \u0110\u01b0\u1ee3c l\u1ef1a ch\u1ecdn chuy\u00ean ng\u00e0nh l\u1ee3i th\u1ebf c\u1ee7a b\u1ea3n th\u00e2n.<\/span><\/div>\n<div><span style=\"font-family: Libre Franklin, sans-serif;\">\u00a0<\/span><\/div>\n<div><span style=\"font-family: Libre Franklin, sans-serif;\">N\u1ebfu b\u1ea1n \u0111ang t\u00ecm ki\u1ebfm c\u00f4ng vi\u1ec7c l\u00e0m th\u00eam \u0111\u1ec3 ki\u1ebfm th\u00eam thu nh\u1eadp v\u00e0 ph\u00e1t tri\u1ec3n c\u00f4ng vi\u1ec7c chuy\u00ean ng\u00e0nh ti\u1ebfng H\u00e0n, h\u00e3y nhanh tay g\u1eedi ngay CV c\u1ee7a b\u1ea1n v\u1ec1 VK HR SOLUTION nh\u00e9! Ch\u1ec9 c\u1ea7n b\u1ea1n c\u00f3:<\/span><\/div>\n<div><span style=\"font-family: Libre Franklin, sans-serif;\">\u00a0+ S\u1ed1 \u0111i\u1ec7n tho\u1ea1i c\u00f3 t\u00e0i kho\u1ea3n ZALO \u0111\u1ec3 tham gia v\u00e0o nh\u00f3m l\u00e0m vi\u1ec7c &amp; nh\u1eadn vi\u1ec7c.<\/span><\/div>\n<div><span style=\"font-family: Libre Franklin, sans-serif;\">\u00a0+ S\u1ed1 t\u00e0i kho\u1ea3n ng\u00e2n h\u00e0ng \u0111\u1ec3\u00a0 &#8220;ting ting&#8221; nh\u1eadn hoa h\u1ed3ng.<\/span><\/div>\n<div>\u00a0<\/div>\n<\/div>\n<p><!-- \/wp:buttons --><!-- wp:paragraph --><\/p>\n<p><!-- \/wp:paragraph --><\/p>\t\t\t\t\t\t<\/div>\n\t\t\t\t<\/div>\n\t\t\t\t<div class=\"elementor-element elementor-element-07653b2 elementor-button-info elementor-align-center elementor-widget elementor-widget-button\" data-id=\"07653b2\" data-element_type=\"widget\" data-widget_type=\"button.default\">\n\t\t\t\t<div class=\"elementor-widget-container\">\n\t\t\t\t\t<div class=\"elementor-button-wrapper\">\n\t\t\t<a class=\"elementor-button elementor-size-xl\" role=\"button\" id=\"btn-cv\">\n\t\t\t\t\t\t<span class=\"elementor-button-content-wrapper\">\n\t\t\t\t\t\t<span class=\"elementor-button-text\">N\u1ed8P CV<\/span>\n\t\t<\/span>\n\t\t\t\t\t<\/a>\n\t\t<\/div>\n\t\t\t\t<\/div>\n\t\t\t\t<\/div>\n\t\t\t\t\t<\/div>\n\t\t<\/div>\n\t\t\t\t\t\t\t<\/div>\n\t\t<\/section>\n\t\t\t\t\t\t\t<\/div>","protected":false},"excerpt":{"rendered":"<p>VK HR SOLUTION thu\u1ed9c VK\u00a0 SOHO OFFICES l\u00e0 c\u00f4ng ty chuy\u00ean v\u1ec1 d\u1ecbch v\u1ee5 bi\u00ean phi\u00ean d\u1ecbch ti\u1ebfng H\u00e0n v\u00e0 tuy\u1ec3n d\u1ee5ng nh\u00e2n s\u1ef1 to\u00e0n di\u1ec7n cho c\u00e1c doanh nghi\u1ec7p v\u1eeba v\u00e0 nh\u1ecf. Hi\u1ec7n t\u1ea1i ch\u00fang t\u00f4i \u0111ang t\u00ecm ki\u1ebfm c\u1ed9ng t\u00e1c vi\u00ean bi\u00ean phi\u00ean d\u1ecbch ti\u1ebfng H\u00e0n chuy\u00ean nghi\u1ec7p. \u00a0 C\u00f4ng vi\u1ec7c ch\u00ednh:\u00a0Phi\u00ean d\u1ecbch&hellip; <a class=\"more-link\" href=\"https:\/\/vkoutsourcing.com\/ko\/tuyen-dung-nhan-su\/viec-lam-danh-cho-ban\/cong-tac-vien-bien-phien-dich-tieng-han\/\">Continue reading <span class=\"screen-reader-text\">C\u1ed9ng T\u00e1c Vi\u00ean Bi\u00ean Phi\u00ean D\u1ecbch Ti\u1ebfng H\u00e0n<\/span><\/a><\/p>","protected":false},"author":1,"featured_media":0,"parent":3114,"menu_order":0,"comment_status":"closed","ping_status":"closed","template":"elementor_theme","meta":{"inline_featured_image":false},"_links":{"self":[{"href":"https:\/\/vkoutsourcing.com\/ko\/wp-json\/wp\/v2\/pages\/3204"}],"collection":[{"href":"https:\/\/vkoutsourcing.com\/ko\/wp-json\/wp\/v2\/pages"}],"about":[{"href":"https:\/\/vkoutsourcing.com\/ko\/wp-json\/wp\/v2\/types\/page"}],"author":[{"embeddable":true,"href":"https:\/\/vkoutsourcing.com\/ko\/wp-json\/wp\/v2\/users\/1"}],"replies":[{"embeddable":true,"href":"https:\/\/vkoutsourcing.com\/ko\/wp-json\/wp\/v2\/comments?post=3204"}],"version-history":[{"count":82,"href":"https:\/\/vkoutsourcing.com\/ko\/wp-json\/wp\/v2\/pages\/3204\/revisions"}],"predecessor-version":[{"id":3370,"href":"https:\/\/vkoutsourcing.com\/ko\/wp-json\/wp\/v2\/pages\/3204\/revisions\/3370"}],"up":[{"embeddable":true,"href":"https:\/\/vkoutsourcing.com\/ko\/wp-json\/wp\/v2\/pages\/3114"}],"wp:attachment":[{"href":"https:\/\/vkoutsourcing.com\/ko\/wp-json\/wp\/v2\/media?parent=3204"}],"curies":[{"name":"wp","href":"https:\/\/api.w.org\/{rel}","templated":true}]}}