{"id":3351,"date":"2023-02-15T09:01:39","date_gmt":"2023-02-15T09:01:39","guid":{"rendered":"https:\/\/vkoutsourcing.com.vn\/?page_id=3351"},"modified":"2023-02-15T09:33:02","modified_gmt":"2023-02-15T09:33:02","slug":"nhan-vien-hanh-chinh-nhan-su","status":"publish","type":"page","link":"https:\/\/vkoutsourcing.com\/ko\/tuyen-dung-nhan-su\/viec-lam-danh-cho-ban\/nhan-vien-hanh-chinh-nhan-su\/","title":{"rendered":"Nh\u00e2n Vi\u00ean H\u00e0nh Ch\u00ednh Nh\u00e2n S\u1ef1"},"content":{"rendered":"<div data-elementor-type=\"wp-page\" data-elementor-id=\"3351\" class=\"elementor elementor-3351\">\n\t\t\t\t\t\t\t\t\t<section class=\"elementor-section elementor-top-section elementor-element elementor-element-f4df462 elementor-section-stretched elementor-section-boxed elementor-section-height-default elementor-section-height-default\" data-id=\"f4df462\" data-element_type=\"section\" data-settings=\"{&quot;stretch_section&quot;:&quot;section-stretched&quot;}\">\n\t\t\t\t\t\t<div class=\"elementor-container elementor-column-gap-default\">\n\t\t\t\t\t<div class=\"elementor-column elementor-col-100 elementor-top-column elementor-element elementor-element-7f8f973\" data-id=\"7f8f973\" data-element_type=\"column\">\n\t\t\t<div class=\"elementor-widget-wrap elementor-element-populated\">\n\t\t\t\t\t\t\t\t<section class=\"elementor-section elementor-inner-section elementor-element elementor-element-fe50803 elementor-section-boxed elementor-section-height-default elementor-section-height-default\" data-id=\"fe50803\" data-element_type=\"section\">\n\t\t\t\t\t\t<div class=\"elementor-container elementor-column-gap-default\">\n\t\t\t\t\t<div class=\"elementor-column elementor-col-50 elementor-inner-column elementor-element elementor-element-2d176c5\" data-id=\"2d176c5\" data-element_type=\"column\">\n\t\t\t<div class=\"elementor-widget-wrap elementor-element-populated\">\n\t\t\t\t\t\t\t\t<div class=\"elementor-element elementor-element-881f2c2 elementor-widget elementor-widget-image\" data-id=\"881f2c2\" data-element_type=\"widget\" data-widget_type=\"image.default\">\n\t\t\t\t<div class=\"elementor-widget-container\">\n\t\t\t<style>\/*! elementor - v3.6.7 - 03-07-2022 *\/\n.elementor-widget-image{text-align:center}.elementor-widget-image a{display:inline-block}.elementor-widget-image a img[src$=\".svg\"]{width:48px}.elementor-widget-image img{vertical-align:middle;display:inline-block}<\/style>\t\t\t\t\t\t\t\t\t\t\t\t<img decoding=\"async\" width=\"750\" height=\"750\" src=\"https:\/\/vkoutsourcing.com\/wp-content\/uploads\/2023\/02\/Logo-SABINA-1-1024x1024.png\" class=\"attachment-large size-large\" alt=\"\" loading=\"lazy\" srcset=\"https:\/\/vkoutsourcing.com\/wp-content\/uploads\/2023\/02\/Logo-SABINA-1-1024x1024.png 1024w, https:\/\/vkoutsourcing.com\/wp-content\/uploads\/2023\/02\/Logo-SABINA-1-300x300.png 300w, https:\/\/vkoutsourcing.com\/wp-content\/uploads\/2023\/02\/Logo-SABINA-1-150x150.png 150w, https:\/\/vkoutsourcing.com\/wp-content\/uploads\/2023\/02\/Logo-SABINA-1-768x768.png 768w, https:\/\/vkoutsourcing.com\/wp-content\/uploads\/2023\/02\/Logo-SABINA-1-12x12.png 12w, https:\/\/vkoutsourcing.com\/wp-content\/uploads\/2023\/02\/Logo-SABINA-1.png 1240w\" sizes=\"(max-width: 750px) 100vw, 750px\" style=\"width:100%;height:100%;max-width:1240px\" \/>\t\t\t\t\t\t\t\t\t\t\t\t\t\t\t<\/div>\n\t\t\t\t<\/div>\n\t\t\t\t\t<\/div>\n\t\t<\/div>\n\t\t\t\t<div class=\"elementor-column elementor-col-50 elementor-inner-column elementor-element elementor-element-8cc746b\" data-id=\"8cc746b\" data-element_type=\"column\">\n\t\t\t<div class=\"elementor-widget-wrap elementor-element-populated\">\n\t\t\t\t\t\t\t\t<div class=\"elementor-element elementor-element-9249b79 elementor-widget elementor-widget-spacer\" data-id=\"9249b79\" data-element_type=\"widget\" data-widget_type=\"spacer.default\">\n\t\t\t\t<div class=\"elementor-widget-container\">\n\t\t\t<style>\/*! elementor - v3.6.7 - 03-07-2022 *\/\n.e-container.e-container--row .elementor-spacer-inner{width:var(--spacer-size)}.e-container.e-container--column .elementor-spacer-inner,.elementor-column .elementor-spacer-inner{height:var(--spacer-size)}<\/style>\t\t<div class=\"elementor-spacer\">\n\t\t\t<div class=\"elementor-spacer-inner\"><\/div>\n\t\t<\/div>\n\t\t\t\t<\/div>\n\t\t\t\t<\/div>\n\t\t\t\t<div class=\"elementor-element elementor-element-7146b5e elementor-widget elementor-widget-text-editor\" data-id=\"7146b5e\" data-element_type=\"widget\" data-widget_type=\"text-editor.default\">\n\t\t\t\t<div class=\"elementor-widget-container\">\n\t\t\t<style>\/*! elementor - v3.6.7 - 03-07-2022 *\/\n.elementor-widget-text-editor.elementor-drop-cap-view-stacked .elementor-drop-cap{background-color:#818a91;color:#fff}.elementor-widget-text-editor.elementor-drop-cap-view-framed .elementor-drop-cap{color:#818a91;border:3px solid;background-color:transparent}.elementor-widget-text-editor:not(.elementor-drop-cap-view-default) .elementor-drop-cap{margin-top:8px}.elementor-widget-text-editor:not(.elementor-drop-cap-view-default) .elementor-drop-cap-letter{width:1em;height:1em}.elementor-widget-text-editor .elementor-drop-cap{float:left;text-align:center;line-height:1;font-size:50px}.elementor-widget-text-editor .elementor-drop-cap-letter{display:inline-block}<\/style>\t\t\t\t<p><span style=\"color: #000000;\">Sabina Hotel &amp; Service Apartment l\u00e0 chu\u1ed7i kh\u00e1ch s\u1ea1n 3 sao ngay t\u1ea1i trung t\u00e2m Ph\u00fa M\u1ef9 H\u01b0ng, qu\u1eadn 7 \u0111\u01b0\u1ee3c nhi\u1ec1u du kh\u00e1ch trong v\u00e0 ngo\u00e0i n\u01b0\u1edbc bi\u1ebft \u0111\u1ebfn v\u00e0 \u0111\u1eb7c bi\u1ec7t l\u00e0 v\u1edbi kh\u00e1ch h\u00e0ng ng\u01b0\u1eddi H\u00e0n Qu\u1ed1c.\u00a0<\/span><\/p>\t\t\t\t\t\t<\/div>\n\t\t\t\t<\/div>\n\t\t\t\t\t<\/div>\n\t\t<\/div>\n\t\t\t\t\t\t\t<\/div>\n\t\t<\/section>\n\t\t\t\t<div class=\"elementor-element elementor-element-1d19812 elementor-widget elementor-widget-text-editor\" data-id=\"1d19812\" data-element_type=\"widget\" data-widget_type=\"text-editor.default\">\n\t\t\t\t<div class=\"elementor-widget-container\">\n\t\t\t\t\t\t\t<p>\u00a0<\/p><p><span style=\"color: #000000;\"><strong>\u00a0<\/strong><\/span><\/p><p><span style=\"color: #000000;\"><strong>M\u00f4 t\u1ea3 c\u00f4ng vi\u1ec7c ch\u00ednh: <\/strong><br \/>&#8211; C\u00f4ng vi\u1ec7c C&amp;B nh\u01b0: H\u1ed7 tr\u1ee3 ch\u1ea5m c\u00f4ng, t\u1ea1o v\u00e2n tay, t\u00ednh ng\u00e0y off, ng\u00e0y ph\u00e9p, h\u1ed7 tr\u1ee3 gi\u1ea5y t\u1edd b\u1ea3o hi\u1ec3m, gi\u1ea3i quy\u1ebft c\u00e1c ch\u1ebf \u0111\u1ed9 c\u1ee7a NL\u0110, &#8230;<br \/>&#8211; H\u00e0nh ch\u00ednh <i>(So\u1ea1n th\u1ea3o v\u00e0 l\u01b0u tr\u1eef h\u1ee3p \u0111\u1ed3ng lao \u0111\u1ed9ng, v\u0103n b\u1ea3n th\u00f4ng b\u00e1o, quy\u1ebft \u0111\u1ecbnh, qu\u1ea3n l\u00fd \u0111\u1ed3ng ph\u1ee5c nh\u00e2n vi\u00ean,\u2026)<\/i><br \/>&#8211; Tuy\u1ec3n d\u1ee5ng nh\u00e2n s\u1ef1.<\/span><\/p><p><span style=\"color: #000000;\">&#8211; Th\u1eddi gian l\u00e0m vi\u1ec7c: th\u1ee9 2- s\u00e1ng th\u1ee9 7<\/span><\/p><p><span style=\"color: #000000;\">\u00a0<\/span><\/p><p><span style=\"color: #000000;\"><b>M\u1ee9c l\u01b0\u01a1ng:<\/b>\u00a010 tri\u1ec7u &#8211; 11 tri\u1ec7u v\u00e0 ti\u1ec1n h\u1ed7 tr\u1ee3 c\u01a1m\u00a0<\/span><\/p><p><span style=\"color: #000000;\"><br \/><b>Y\u00eau c\u1ea7u:<br \/><\/b>&#8211; \u0110\u1ed9 tu\u1ed5i: T\u1eeb 28 tu\u1ed5i tr\u1edf l\u00ean<br \/>&#8211; Gi\u1ecfi vi t\u00ednh v\u0103n ph\u00f2ng<br \/>&#8211; C\u00f3 laptop c\u00e1 nh\u00e2n<br \/>&#8211; C\u00f3 kh\u1ea3 n\u0103ng t\u1ed5ng h\u1ee3p, \u0111a nhi\u1ec7m<br \/>&#8211; Giao ti\u1ebfp t\u1ed1t, c\u00f3 kh\u1ea3 n\u0103ng \u0111\u00e0m ph\u00e1n, th\u01b0\u01a1ng l\u01b0\u1ee3ng, h\u00f2a gi\u1ea3i<\/span><\/p><p><span style=\"color: #000000;\">\u00a0<\/span><\/p><p><span style=\"color: #000000;\"><b><i>Nhanh tay N\u1ed9p CV \u1ee9ng tuy\u1ec3n t\u1ea1i:<\/i><\/b><\/span><\/p><p><span style=\"color: #000000;\">\u00a0+ Email: vk.headhunt@gmail.com<\/span><\/p><p><span style=\"color: #000000;\">\u00a0+ S\u0110T hotline: 093 7540188\u00a0<\/span><\/p><p>\u00a0<\/p>\t\t\t\t\t\t<\/div>\n\t\t\t\t<\/div>\n\t\t\t\t<div class=\"elementor-element elementor-element-1140df3 elementor-button-info elementor-align-center elementor-widget elementor-widget-button\" data-id=\"1140df3\" data-element_type=\"widget\" data-widget_type=\"button.default\">\n\t\t\t\t<div class=\"elementor-widget-container\">\n\t\t\t\t\t<div class=\"elementor-button-wrapper\">\n\t\t\t<a href=\"#\" class=\"elementor-button-link elementor-button elementor-size-xl\" role=\"button\" id=\"btn-cv\">\n\t\t\t\t\t\t<span class=\"elementor-button-content-wrapper\">\n\t\t\t\t\t\t<span class=\"elementor-button-text\">N\u1ed8P CV <\/span>\n\t\t<\/span>\n\t\t\t\t\t<\/a>\n\t\t<\/div>\n\t\t\t\t<\/div>\n\t\t\t\t<\/div>\n\t\t\t\t\t<\/div>\n\t\t<\/div>\n\t\t\t\t\t\t\t<\/div>\n\t\t<\/section>\n\t\t\t\t\t\t\t<\/div>","protected":false},"excerpt":{"rendered":"<p>Sabina Hotel &amp; Service Apartment l\u00e0 chu\u1ed7i kh\u00e1ch s\u1ea1n 3 sao ngay t\u1ea1i trung t\u00e2m Ph\u00fa M\u1ef9 H\u01b0ng, qu\u1eadn 7 \u0111\u01b0\u1ee3c nhi\u1ec1u du kh\u00e1ch trong v\u00e0 ngo\u00e0i n\u01b0\u1edbc bi\u1ebft \u0111\u1ebfn v\u00e0 \u0111\u1eb7c bi\u1ec7t l\u00e0 v\u1edbi kh\u00e1ch h\u00e0ng ng\u01b0\u1eddi H\u00e0n Qu\u1ed1c.\u00a0 \u00a0 \u00a0 M\u00f4 t\u1ea3 c\u00f4ng vi\u1ec7c ch\u00ednh: &#8211; C\u00f4ng vi\u1ec7c C&amp;B nh\u01b0: H\u1ed7 tr\u1ee3 ch\u1ea5m&hellip; <a class=\"more-link\" href=\"https:\/\/vkoutsourcing.com\/ko\/tuyen-dung-nhan-su\/viec-lam-danh-cho-ban\/nhan-vien-hanh-chinh-nhan-su\/\">Continue reading <span class=\"screen-reader-text\">Nh\u00e2n Vi\u00ean H\u00e0nh Ch\u00ednh Nh\u00e2n S\u1ef1<\/span><\/a><\/p>","protected":false},"author":1,"featured_media":0,"parent":3114,"menu_order":0,"comment_status":"closed","ping_status":"closed","template":"","meta":{"inline_featured_image":false},"_links":{"self":[{"href":"https:\/\/vkoutsourcing.com\/ko\/wp-json\/wp\/v2\/pages\/3351"}],"collection":[{"href":"https:\/\/vkoutsourcing.com\/ko\/wp-json\/wp\/v2\/pages"}],"about":[{"href":"https:\/\/vkoutsourcing.com\/ko\/wp-json\/wp\/v2\/types\/page"}],"author":[{"embeddable":true,"href":"https:\/\/vkoutsourcing.com\/ko\/wp-json\/wp\/v2\/users\/1"}],"replies":[{"embeddable":true,"href":"https:\/\/vkoutsourcing.com\/ko\/wp-json\/wp\/v2\/comments?post=3351"}],"version-history":[{"count":26,"href":"https:\/\/vkoutsourcing.com\/ko\/wp-json\/wp\/v2\/pages\/3351\/revisions"}],"predecessor-version":[{"id":3416,"href":"https:\/\/vkoutsourcing.com\/ko\/wp-json\/wp\/v2\/pages\/3351\/revisions\/3416"}],"up":[{"embeddable":true,"href":"https:\/\/vkoutsourcing.com\/ko\/wp-json\/wp\/v2\/pages\/3114"}],"wp:attachment":[{"href":"https:\/\/vkoutsourcing.com\/ko\/wp-json\/wp\/v2\/media?parent=3351"}],"curies":[{"name":"wp","href":"https:\/\/api.w.org\/{rel}","templated":true}]}}