{"id":3436,"date":"2023-02-15T16:22:24","date_gmt":"2023-02-15T16:22:24","guid":{"rendered":"https:\/\/vkoutsourcing.com.vn\/?page_id=3436"},"modified":"2023-02-16T04:06:40","modified_gmt":"2023-02-16T04:06:40","slug":"ke-toan-tong-hop-noi-bo","status":"publish","type":"page","link":"https:\/\/vkoutsourcing.com\/ko\/tuyen-dung-nhan-su\/viec-lam-danh-cho-ban\/ke-toan-tong-hop-noi-bo\/","title":{"rendered":"K\u1ebf To\u00e1n T\u1ed5ng H\u1ee3p (N\u1ed9i B\u1ed9)"},"content":{"rendered":"<div data-elementor-type=\"wp-page\" data-elementor-id=\"3436\" class=\"elementor elementor-3436\">\n\t\t\t\t\t\t\t\t\t<section class=\"elementor-section elementor-top-section elementor-element elementor-element-78735c2 elementor-section-stretched elementor-section-boxed elementor-section-height-default elementor-section-height-default\" data-id=\"78735c2\" data-element_type=\"section\" data-settings=\"{&quot;stretch_section&quot;:&quot;section-stretched&quot;}\">\n\t\t\t\t\t\t<div class=\"elementor-container elementor-column-gap-default\">\n\t\t\t\t\t<div class=\"elementor-column elementor-col-100 elementor-top-column elementor-element elementor-element-48abe8a\" data-id=\"48abe8a\" data-element_type=\"column\">\n\t\t\t<div class=\"elementor-widget-wrap elementor-element-populated\">\n\t\t\t\t\t\t\t\t<section class=\"elementor-section elementor-inner-section elementor-element elementor-element-4fab43e elementor-section-boxed elementor-section-height-default elementor-section-height-default\" data-id=\"4fab43e\" data-element_type=\"section\">\n\t\t\t\t\t\t<div class=\"elementor-container elementor-column-gap-default\">\n\t\t\t\t\t<div class=\"elementor-column elementor-col-50 elementor-inner-column elementor-element elementor-element-2546cb1\" data-id=\"2546cb1\" data-element_type=\"column\">\n\t\t\t<div class=\"elementor-widget-wrap elementor-element-populated\">\n\t\t\t\t\t\t\t\t<div class=\"elementor-element elementor-element-282abc2 elementor-widget elementor-widget-image\" data-id=\"282abc2\" data-element_type=\"widget\" data-widget_type=\"image.default\">\n\t\t\t\t<div class=\"elementor-widget-container\">\n\t\t\t<style>\/*! elementor - v3.6.7 - 03-07-2022 *\/\n.elementor-widget-image{text-align:center}.elementor-widget-image a{display:inline-block}.elementor-widget-image a img[src$=\".svg\"]{width:48px}.elementor-widget-image img{vertical-align:middle;display:inline-block}<\/style>\t\t\t\t\t\t\t\t\t\t\t\t<img decoding=\"async\" width=\"750\" height=\"750\" src=\"https:\/\/vkoutsourcing.com\/wp-content\/uploads\/2023\/02\/Logo-SABINA-1-1024x1024.png\" class=\"attachment-large size-large\" alt=\"\" loading=\"lazy\" srcset=\"https:\/\/vkoutsourcing.com\/wp-content\/uploads\/2023\/02\/Logo-SABINA-1-1024x1024.png 1024w, https:\/\/vkoutsourcing.com\/wp-content\/uploads\/2023\/02\/Logo-SABINA-1-300x300.png 300w, https:\/\/vkoutsourcing.com\/wp-content\/uploads\/2023\/02\/Logo-SABINA-1-150x150.png 150w, https:\/\/vkoutsourcing.com\/wp-content\/uploads\/2023\/02\/Logo-SABINA-1-768x768.png 768w, https:\/\/vkoutsourcing.com\/wp-content\/uploads\/2023\/02\/Logo-SABINA-1-12x12.png 12w, https:\/\/vkoutsourcing.com\/wp-content\/uploads\/2023\/02\/Logo-SABINA-1.png 1240w\" sizes=\"(max-width: 750px) 100vw, 750px\" style=\"width:100%;height:100%;max-width:1240px\" \/>\t\t\t\t\t\t\t\t\t\t\t\t\t\t\t<\/div>\n\t\t\t\t<\/div>\n\t\t\t\t\t<\/div>\n\t\t<\/div>\n\t\t\t\t<div class=\"elementor-column elementor-col-50 elementor-inner-column elementor-element elementor-element-33ddb8b\" data-id=\"33ddb8b\" data-element_type=\"column\">\n\t\t\t<div class=\"elementor-widget-wrap elementor-element-populated\">\n\t\t\t\t\t\t\t\t<div class=\"elementor-element elementor-element-cffa989 elementor-widget elementor-widget-spacer\" data-id=\"cffa989\" data-element_type=\"widget\" data-widget_type=\"spacer.default\">\n\t\t\t\t<div class=\"elementor-widget-container\">\n\t\t\t<style>\/*! elementor - v3.6.7 - 03-07-2022 *\/\n.e-container.e-container--row .elementor-spacer-inner{width:var(--spacer-size)}.e-container.e-container--column .elementor-spacer-inner,.elementor-column .elementor-spacer-inner{height:var(--spacer-size)}<\/style>\t\t<div class=\"elementor-spacer\">\n\t\t\t<div class=\"elementor-spacer-inner\"><\/div>\n\t\t<\/div>\n\t\t\t\t<\/div>\n\t\t\t\t<\/div>\n\t\t\t\t<div class=\"elementor-element elementor-element-64e3b0a elementor-widget elementor-widget-text-editor\" data-id=\"64e3b0a\" data-element_type=\"widget\" data-widget_type=\"text-editor.default\">\n\t\t\t\t<div class=\"elementor-widget-container\">\n\t\t\t<style>\/*! elementor - v3.6.7 - 03-07-2022 *\/\n.elementor-widget-text-editor.elementor-drop-cap-view-stacked .elementor-drop-cap{background-color:#818a91;color:#fff}.elementor-widget-text-editor.elementor-drop-cap-view-framed .elementor-drop-cap{color:#818a91;border:3px solid;background-color:transparent}.elementor-widget-text-editor:not(.elementor-drop-cap-view-default) .elementor-drop-cap{margin-top:8px}.elementor-widget-text-editor:not(.elementor-drop-cap-view-default) .elementor-drop-cap-letter{width:1em;height:1em}.elementor-widget-text-editor .elementor-drop-cap{float:left;text-align:center;line-height:1;font-size:50px}.elementor-widget-text-editor .elementor-drop-cap-letter{display:inline-block}<\/style>\t\t\t\t<p><span style=\"color: #000000;\">Sabina Hotel &amp; Service Apartment l\u00e0 chu\u1ed7i kh\u00e1ch s\u1ea1n 3 sao ngay t\u1ea1i trung t\u00e2m Ph\u00fa M\u1ef9 H\u01b0ng, qu\u1eadn 7 \u0111\u01b0\u1ee3c nhi\u1ec1u du kh\u00e1ch trong v\u00e0 ngo\u00e0i n\u01b0\u1edbc bi\u1ebft \u0111\u1ebfn v\u00e0 \u0111\u1eb7c bi\u1ec7t l\u00e0 v\u1edbi kh\u00e1ch h\u00e0ng ng\u01b0\u1eddi H\u00e0n Qu\u1ed1c.\u00a0<\/span><\/p>\t\t\t\t\t\t<\/div>\n\t\t\t\t<\/div>\n\t\t\t\t\t<\/div>\n\t\t<\/div>\n\t\t\t\t\t\t\t<\/div>\n\t\t<\/section>\n\t\t\t\t<div class=\"elementor-element elementor-element-ef6d89b elementor-widget elementor-widget-text-editor\" data-id=\"ef6d89b\" data-element_type=\"widget\" data-widget_type=\"text-editor.default\">\n\t\t\t\t<div class=\"elementor-widget-container\">\n\t\t\t\t\t\t\t<p><span style=\"color: #000000;\"><b>&nbsp;<\/b><\/span><\/p>\n<p><span style=\"color: #000000;\"><b>Y\u00eau c\u1ea7u:<br><\/b>&#8211; C\u00f3 kinh nghi\u1ec7m l\u00e0m k\u1ebf to\u00e1n t\u1ed5ng h\u1ee3p n\u1ed9i b\u1ed9 \u00edt nh\u1ea5t 1 n\u0103m, b\u1eaft bu\u1ed9c \u0111\u00e3 t\u1eebng l\u00e0m b\u00ean kh\u00e1ch s\u1ea1n.<br>&#8211; Ch\u1ecbu kh\u00f3, trung th\u1ef1c, nhi\u1ec7t huy\u1ebft, ham h\u1ecdc h\u1ecfi, c\u1ea9n th\u1eadn, t\u1ec9 m\u1ec9<\/span><\/p>\n<p><span style=\"color: #000000;\">&#8211; C\u00f3 th\u1ec3 ch\u1ecbu \u0111\u01b0\u1ee3c \u00e1p l\u1ef1c c\u00f4ng vi\u1ec7c.<br>&#8211; L\u00e0m vi\u1ec7c: th\u1ee9 hai \u2013 s\u00e1ng th\u1ee9 b\u1ea3y<\/span><\/p>\n<p><span style=\"color: #000000;\">&nbsp;<\/span><\/p>\n<p><span style=\"color: #000000;\"><b>Quy\u1ec1n l\u1ee3i:<br><\/b>&#8211; Thu nh\u1eadp: \ud835\udfed\ud835\udfec.\ud835\udfec\ud835\udfec\ud835\udfec.\ud835\udfec\ud835\udfec\ud835\udfec -\ud835\udfed\ud835\udfed.\ud835\udfec\ud835\udfec\ud835\udfec.\ud835\udfec\ud835\udfec\ud835\udfec (kh\u1edfi \u0111i\u1ec3m) + ph\u1ee5 c\u1ea5p ti\u1ec1n \u0103n.<br>&#8211; M\u00f4i tr\u01b0\u1eddng 8x 9x, n\u0103ng \u0111\u1ed9ng, chuy\u00ean nghi\u1ec7p<br>&#8211; B\u1ea3o hi\u1ec3m \u0111\u1ea7y \u0111\u1ee7 theo ph\u00e1p lu\u1eadt<br>&#8211; Th\u01b0\u1edfng c\u00e1c d\u1ecbp sinh nh\u1eadt, l\u1ec5, T\u1ebft, \u2026<br>&#8211; \u0110\u1ecba \u0111i\u1ec3m l\u00e0m vi\u1ec7c: 2-4 Phan Khi\u00eam \u00cdch, ph\u01b0\u1eddng T\u00e2n Phong, Qu\u1eadn 7, HCM<\/span><\/p>\n<p><span style=\"color: #000000;\"><br>Nhanh tay N\u1ed9p CV \u1ee9ng tuy\u1ec3n t\u1ea1i:<br>&#8211; Email: vk.headhunt@gmail.com<br>&#8211; S\u0110T hotline: 0937 540 188&nbsp;<\/span><\/p>\n<p><span style=\"color: #000000;\">&nbsp;<\/span><\/p>\t\t\t\t\t\t<\/div>\n\t\t\t\t<\/div>\n\t\t\t\t<div class=\"elementor-element elementor-element-46d1dbe elementor-button-info elementor-align-center elementor-widget elementor-widget-button\" data-id=\"46d1dbe\" data-element_type=\"widget\" data-widget_type=\"button.default\">\n\t\t\t\t<div class=\"elementor-widget-container\">\n\t\t\t\t\t<div class=\"elementor-button-wrapper\">\n\t\t\t<a href=\"#\" class=\"elementor-button-link elementor-button elementor-size-xl\" role=\"button\" id=\"btn-cv\">\n\t\t\t\t\t\t<span class=\"elementor-button-content-wrapper\">\n\t\t\t\t\t\t<span class=\"elementor-button-text\">N\u1ed8P CV <\/span>\n\t\t<\/span>\n\t\t\t\t\t<\/a>\n\t\t<\/div>\n\t\t\t\t<\/div>\n\t\t\t\t<\/div>\n\t\t\t\t\t<\/div>\n\t\t<\/div>\n\t\t\t\t\t\t\t<\/div>\n\t\t<\/section>\n\t\t\t\t\t\t\t<\/div>","protected":false},"excerpt":{"rendered":"<p>Sabina Hotel &amp; Service Apartment l\u00e0 chu\u1ed7i kh\u00e1ch s\u1ea1n 3 sao ngay t\u1ea1i trung t\u00e2m Ph\u00fa M\u1ef9 H\u01b0ng, qu\u1eadn 7 \u0111\u01b0\u1ee3c nhi\u1ec1u du kh\u00e1ch trong v\u00e0 ngo\u00e0i n\u01b0\u1edbc bi\u1ebft \u0111\u1ebfn v\u00e0 \u0111\u1eb7c bi\u1ec7t l\u00e0 v\u1edbi kh\u00e1ch h\u00e0ng ng\u01b0\u1eddi H\u00e0n Qu\u1ed1c.\u00a0 &nbsp; Y\u00eau c\u1ea7u:&#8211; C\u00f3 kinh nghi\u1ec7m l\u00e0m k\u1ebf to\u00e1n t\u1ed5ng h\u1ee3p n\u1ed9i b\u1ed9 \u00edt nh\u1ea5t&hellip; <a class=\"more-link\" href=\"https:\/\/vkoutsourcing.com\/ko\/tuyen-dung-nhan-su\/viec-lam-danh-cho-ban\/ke-toan-tong-hop-noi-bo\/\">Continue reading <span class=\"screen-reader-text\">K\u1ebf To\u00e1n T\u1ed5ng H\u1ee3p (N\u1ed9i B\u1ed9)<\/span><\/a><\/p>","protected":false},"author":1,"featured_media":0,"parent":3114,"menu_order":0,"comment_status":"closed","ping_status":"closed","template":"","meta":{"inline_featured_image":false},"_links":{"self":[{"href":"https:\/\/vkoutsourcing.com\/ko\/wp-json\/wp\/v2\/pages\/3436"}],"collection":[{"href":"https:\/\/vkoutsourcing.com\/ko\/wp-json\/wp\/v2\/pages"}],"about":[{"href":"https:\/\/vkoutsourcing.com\/ko\/wp-json\/wp\/v2\/types\/page"}],"author":[{"embeddable":true,"href":"https:\/\/vkoutsourcing.com\/ko\/wp-json\/wp\/v2\/users\/1"}],"replies":[{"embeddable":true,"href":"https:\/\/vkoutsourcing.com\/ko\/wp-json\/wp\/v2\/comments?post=3436"}],"version-history":[{"count":25,"href":"https:\/\/vkoutsourcing.com\/ko\/wp-json\/wp\/v2\/pages\/3436\/revisions"}],"predecessor-version":[{"id":3471,"href":"https:\/\/vkoutsourcing.com\/ko\/wp-json\/wp\/v2\/pages\/3436\/revisions\/3471"}],"up":[{"embeddable":true,"href":"https:\/\/vkoutsourcing.com\/ko\/wp-json\/wp\/v2\/pages\/3114"}],"wp:attachment":[{"href":"https:\/\/vkoutsourcing.com\/ko\/wp-json\/wp\/v2\/media?parent=3436"}],"curies":[{"name":"wp","href":"https:\/\/api.w.org\/{rel}","templated":true}]}}