{"id":3581,"date":"2023-03-20T01:57:11","date_gmt":"2023-03-20T01:57:11","guid":{"rendered":"https:\/\/vkoutsourcing.com.vn\/?page_id=3581"},"modified":"2023-03-20T02:51:58","modified_gmt":"2023-03-20T02:51:58","slug":"dich-vu-bien-phien-dich-tieng-han","status":"publish","type":"page","link":"https:\/\/vkoutsourcing.com\/ko\/dich-vu-bien-phien-dich-tieng-han\/","title":{"rendered":"\ud55c\uad6d\uc5b4 \ud1b5\ubc88\uc5ed"},"content":{"rendered":"<div data-elementor-type=\"wp-page\" data-elementor-id=\"3581\" class=\"elementor elementor-3581\">\n\t\t\t\t\t\t\t\t\t<section class=\"elementor-section elementor-top-section elementor-element elementor-element-5fe07a9 elementor-section-stretched elementor-section-boxed elementor-section-height-default elementor-section-height-default\" data-id=\"5fe07a9\" data-element_type=\"section\" data-settings=\"{&quot;stretch_section&quot;:&quot;section-stretched&quot;}\">\n\t\t\t\t\t\t<div class=\"elementor-container elementor-column-gap-default\">\n\t\t\t\t\t<div class=\"elementor-column elementor-col-100 elementor-top-column elementor-element elementor-element-4e64a82\" data-id=\"4e64a82\" data-element_type=\"column\">\n\t\t\t<div class=\"elementor-widget-wrap elementor-element-populated\">\n\t\t\t\t\t\t\t\t<div class=\"elementor-element elementor-element-e4b876b elementor-widget elementor-widget-heading\" data-id=\"e4b876b\" data-element_type=\"widget\" data-widget_type=\"heading.default\">\n\t\t\t\t<div class=\"elementor-widget-container\">\n\t\t\t<style>\/*! elementor - v3.6.7 - 03-07-2022 *\/\n.elementor-heading-title{padding:0;margin:0;line-height:1}.elementor-widget-heading .elementor-heading-title[class*=elementor-size-]>a{color:inherit;font-size:inherit;line-height:inherit}.elementor-widget-heading .elementor-heading-title.elementor-size-small{font-size:15px}.elementor-widget-heading .elementor-heading-title.elementor-size-medium{font-size:19px}.elementor-widget-heading .elementor-heading-title.elementor-size-large{font-size:29px}.elementor-widget-heading .elementor-heading-title.elementor-size-xl{font-size:39px}.elementor-widget-heading .elementor-heading-title.elementor-size-xxl{font-size:59px}<\/style><h2 class=\"elementor-heading-title elementor-size-large\">\ud55c\uad6d\uc5b4 \uc804\ubb38 \ud1b5\uc5ed \u2013 \ubc88\uc5ed \uc11c\ube44\uc2a4<\/h2>\t\t<\/div>\n\t\t\t\t<\/div>\n\t\t\t\t<div class=\"elementor-element elementor-element-47d554a elementor-widget elementor-widget-text-editor\" data-id=\"47d554a\" data-element_type=\"widget\" data-widget_type=\"text-editor.default\">\n\t\t\t\t<div class=\"elementor-widget-container\">\n\t\t\t<style>\/*! elementor - v3.6.7 - 03-07-2022 *\/\n.elementor-widget-text-editor.elementor-drop-cap-view-stacked .elementor-drop-cap{background-color:#818a91;color:#fff}.elementor-widget-text-editor.elementor-drop-cap-view-framed .elementor-drop-cap{color:#818a91;border:3px solid;background-color:transparent}.elementor-widget-text-editor:not(.elementor-drop-cap-view-default) .elementor-drop-cap{margin-top:8px}.elementor-widget-text-editor:not(.elementor-drop-cap-view-default) .elementor-drop-cap-letter{width:1em;height:1em}.elementor-widget-text-editor .elementor-drop-cap{float:left;text-align:center;line-height:1;font-size:50px}.elementor-widget-text-editor .elementor-drop-cap-letter{display:inline-block}<\/style>\t\t\t\t<ul><li><span style=\"color: #000000; font-size: 12pt;\">\uc804\ubb38\uc801\uc774\uace0 \ube60\ub974\uba70 \uc815\ud655\ud55c \ubc88\uc5ed \uc11c\ube44\uc2a4<\/span><\/li><li><span style=\"color: #000000; font-size: 12pt;\">\ud569\ub9ac\uc801\uc778 \uac00\uaca9\uc73c\ub85c \uc11c\ube44\uc2a4 \uc81c\uacf5<\/span><\/li><li><span style=\"color: #000000; font-size: 12pt;\">\ub3d9\uc2dc\ud1b5\uc5ed, \uc5ec\ud589 \ud1b5\uc5ed, \ud68c\uc758 \ud1b5\uc5ed \ub4f1 \ub2e4\uc591\ud55c \ubc88\uc5ed \ud615\ud0dc \uc81c\uacf5<\/span><\/li><li><span style=\"color: #000000; font-size: 12pt;\">\uc11c\ube44\uc2a4 \uc774\uc6a9 \uc2dc 98%\uc758 \uace0\uac1d \ub9cc\uc871\ub3c4<\/span><\/li><\/ul>\t\t\t\t\t\t<\/div>\n\t\t\t\t<\/div>\n\t\t\t\t<div class=\"elementor-element elementor-element-50847af elementor-widget elementor-widget-heading\" data-id=\"50847af\" data-element_type=\"widget\" data-widget_type=\"heading.default\">\n\t\t\t\t<div class=\"elementor-widget-container\">\n\t\t\t<h2 class=\"elementor-heading-title elementor-size-small\">\ud638\uce58\ubbfc\uc2dc\uc5d0\uc11c \ucd9c\uc7a5 \uc2dc \ubc88\uc5ed\uc774 \ud544\uc694\ud558\uc2e0\uac00\uc694? \ud569\ub9ac\uc801\uc778 \ube44\uc6a9\uc73c\ub85c \ud1b5\uc5ed\uc0ac\ub97c \ucc3e\uace0 \uacc4\uc2e0\uac00\uc694? \uac71\uc815\ud558\uc9c0 \ub9c8\uc138\uc694. VK\uc5d0 \ubb38\uc758\ud558\uc138\uc694!\n<\/h2>\t\t<\/div>\n\t\t\t\t<\/div>\n\t\t\t\t<div class=\"elementor-element elementor-element-5adb3f4 elementor-widget elementor-widget-text-editor\" data-id=\"5adb3f4\" data-element_type=\"widget\" data-widget_type=\"text-editor.default\">\n\t\t\t\t<div class=\"elementor-widget-container\">\n\t\t\t\t\t\t\t<p><span style=\"color: #000000; font-size: 12pt;\">VK \ubc88\uc5ed \uc11c\ube44\uc2a4\ub294 \uc2dc\uc7a5 \uc870\uc0ac \ubc88\uc5ed, \ud68c\uc758 \ud1b5\uc5ed, \uc5ec\ud589 \ud1b5\uc5ed \ubc0f \ud48d\ubd80\ud55c \uacbd\ud5d8\uc744 \uac16\ucd98 \ubc88\uc5ed\uc0ac\ub4e4\ub85c \uad6c\uc131\ub418\uc5b4 \uc788\uc2b5\ub2c8\ub2e4.&nbsp;<\/span><\/p><p><span style=\"color: #000000; font-size: 12pt;\">\ubc88\uc5ed \ub0b4\uc6a9\uc740 \uae30\ubc00\uc744 \ubcf4\uc7a5\ud558\uae30 \uc704\ud574 \uc548\uc804\ud558\uac8c \ubcf4\ud638\ub429\ub2c8\ub2e4. \uc800\ud76c\ub294 \ud638\uce58\ubbfc\uc2dc\uc758 \ub300\uae30\uc5c5, \uc911\uc18c\uae30\uc5c5 \ubc0f \uac1c\uc778\ub4e4\uc5d0\uac8c \ucd5c\uace0\uc758 \ub9cc\uc871\uac10\uc744 \uc120\uc0ac\ud558\uae30 \uc704\ud574 \ub178\ub825\ud558\uace0 \uc788\uc2b5\ub2c8\ub2e4.<\/span><\/p>\n<p><span style=\"color: #000000; font-size: 12pt;\">\uac01 \uae30\uc5c5\uc758 \uc694\uad6c \uc0ac\ud56d\uacfc \uc804\ubb38 \ubd84\uc57c\uc5d0 \ub9de\ub294 \uc801\ud569\ud55c \ubc88\uc5ed \uc11c\ube44\uc2a4\ub97c \uc0c1\ub2f4\ud558\uace0 \uacac\uc801\uc744 \uc81c\uacf5\ud574 \ub4dc\ub9b4 \uac83\uc785\ub2c8\ub2e4. \uc800\ud76c\ub294 \uace0\ud488\uc9c8\uc758 \uad50\uc721\uacfc \ub192\uc740 \ucc45\uc784\uac10\uc744 \uac16\ucd98 \uc0c1\ud0dc\ub85c \ucd5c\uc0c1\uc758 \ud488\uc9c8\ub85c \uc11c\ube44\uc2a4\ub97c \uc81c\uacf5\ud558\uae30 \uc704\ud574 \ud56d\uc0c1 \uc900\ube44\ub418\uc5b4 \uc788\uc2b5\ub2c8\ub2e4.<\/span><\/p><p><span style=\"color: #000000; font-size: 12pt;\"><br><\/span><\/p>\n<p><span style=\"color: #000000; font-size: 12pt;\">\uae30\uc5c5\uc5d0 \ub9de\ub294 \uc0c1\ub2f4\uc744 \ubc1b\uc73c\ub824\uba74 \uc544\ub798\uc758 \uc815\ubcf4 \uc591\uc2dd\uc744 \ud1b5\ud574 \ubc88\uc5ed \uc11c\ube44\uc2a4 \uc694\uccad\uc744 \ub4f1\ub85d\ud574 \uc8fc\uc138\uc694.<\/span><\/p>\t\t\t\t\t\t<\/div>\n\t\t\t\t<\/div>\n\t\t\t\t\t<\/div>\n\t\t<\/div>\n\t\t\t\t\t\t\t<\/div>\n\t\t<\/section>\n\t\t\t\t\t\t\t<\/div>","protected":false},"excerpt":{"rendered":"<p>D\u1ecaCH V\u1ee4 BI\u00caN- PHI\u00caN D\u1ecaCH TI\u1ebeNG H\u00c0N CHUY\u00caN NGHI\u1ec6P D\u1ecbch v\u1ee5 bi\u00ean phi\u00ean d\u1ecbch chuy\u00ean nghi\u1ec7p, nhanh ch\u00f3ng, ch\u00ednh x\u00e1c Cung c\u1ea5p d\u1ecbch v\u1ee5 v\u1edbi gi\u00e1 c\u1ea3 h\u1ee3p l\u00fd \u0110a d\u1ea1ng c\u00e1c h\u00ecnh th\u1ee9c d\u1ecbch thu\u1eadt nh\u01b0 th\u00f4ng d\u1ecbch \u0111\u1ed3ng h\u00e0nh, th\u00f4ng d\u1ecbch du l\u1ecbch, th\u00f4ng d\u1ecbch cu\u1ed9c h\u1ecdp v&#8230;v v\u00e0 bi\u00ean d\u1ecbch v\u0103n b\u1ea3n&hellip; <a class=\"more-link\" href=\"https:\/\/vkoutsourcing.com\/ko\/dich-vu-bien-phien-dich-tieng-han\/\">Continue reading <span class=\"screen-reader-text\">\ud55c\uad6d\uc5b4 \ud1b5\ubc88\uc5ed<\/span><\/a><\/p>","protected":false},"author":1,"featured_media":0,"parent":0,"menu_order":0,"comment_status":"closed","ping_status":"closed","template":"","meta":{"inline_featured_image":false},"_links":{"self":[{"href":"https:\/\/vkoutsourcing.com\/ko\/wp-json\/wp\/v2\/pages\/3581"}],"collection":[{"href":"https:\/\/vkoutsourcing.com\/ko\/wp-json\/wp\/v2\/pages"}],"about":[{"href":"https:\/\/vkoutsourcing.com\/ko\/wp-json\/wp\/v2\/types\/page"}],"author":[{"embeddable":true,"href":"https:\/\/vkoutsourcing.com\/ko\/wp-json\/wp\/v2\/users\/1"}],"replies":[{"embeddable":true,"href":"https:\/\/vkoutsourcing.com\/ko\/wp-json\/wp\/v2\/comments?post=3581"}],"version-history":[{"count":32,"href":"https:\/\/vkoutsourcing.com\/ko\/wp-json\/wp\/v2\/pages\/3581\/revisions"}],"predecessor-version":[{"id":3671,"href":"https:\/\/vkoutsourcing.com\/ko\/wp-json\/wp\/v2\/pages\/3581\/revisions\/3671"}],"wp:attachment":[{"href":"https:\/\/vkoutsourcing.com\/ko\/wp-json\/wp\/v2\/media?parent=3581"}],"curies":[{"name":"wp","href":"https:\/\/api.w.org\/{rel}","templated":true}]}}