{"id":3707,"date":"2023-03-31T15:23:00","date_gmt":"2023-03-31T15:23:00","guid":{"rendered":"https:\/\/vkoutsourcing.com.vn\/?page_id=3707"},"modified":"2023-04-08T05:05:39","modified_gmt":"2023-04-08T05:05:39","slug":"dat-dia-chi-van-phong","status":"publish","type":"page","link":"https:\/\/vkoutsourcing.com\/ko\/dat-dia-chi-van-phong\/","title":{"rendered":"\uac00\uc0c1\uc624\ud53c\uc2a4 \uc784\ub300"},"content":{"rendered":"<div data-elementor-type=\"wp-page\" data-elementor-id=\"3707\" class=\"elementor elementor-3707\">\n\t\t\t\t\t\t\t\t\t<section class=\"elementor-section elementor-top-section elementor-element elementor-element-b8b1562 elementor-section-stretched elementor-section-boxed elementor-section-height-default elementor-section-height-default\" data-id=\"b8b1562\" data-element_type=\"section\" data-settings=\"{&quot;stretch_section&quot;:&quot;section-stretched&quot;}\">\n\t\t\t\t\t\t<div class=\"elementor-container elementor-column-gap-default\">\n\t\t\t\t\t<div class=\"elementor-column elementor-col-100 elementor-top-column elementor-element elementor-element-b38dbf6\" data-id=\"b38dbf6\" data-element_type=\"column\">\n\t\t\t<div class=\"elementor-widget-wrap elementor-element-populated\">\n\t\t\t\t\t\t\t\t<div class=\"elementor-element elementor-element-43c8461 elementor-widget elementor-widget-heading\" data-id=\"43c8461\" data-element_type=\"widget\" data-widget_type=\"heading.default\">\n\t\t\t\t<div class=\"elementor-widget-container\">\n\t\t\t<style>\/*! elementor - v3.6.7 - 03-07-2022 *\/\n.elementor-heading-title{padding:0;margin:0;line-height:1}.elementor-widget-heading .elementor-heading-title[class*=elementor-size-]>a{color:inherit;font-size:inherit;line-height:inherit}.elementor-widget-heading .elementor-heading-title.elementor-size-small{font-size:15px}.elementor-widget-heading .elementor-heading-title.elementor-size-medium{font-size:19px}.elementor-widget-heading .elementor-heading-title.elementor-size-large{font-size:29px}.elementor-widget-heading .elementor-heading-title.elementor-size-xl{font-size:39px}.elementor-widget-heading .elementor-heading-title.elementor-size-xxl{font-size:59px}<\/style><h2 class=\"elementor-heading-title elementor-size-large\">7\uad70 \ud478\ubbf8\ud765\uc5d0 \uac00\uc0c1\uc624\ud53c\uc2a4 \uc784\ub300<\/h2>\t\t<\/div>\n\t\t\t\t<\/div>\n\t\t\t\t<div class=\"elementor-element elementor-element-2a81604 elementor-widget elementor-widget-jkit_search\" data-id=\"2a81604\" data-element_type=\"widget\" data-widget_type=\"jkit_search.default\">\n\t\t\t\t<div class=\"elementor-widget-container\">\n\t\t\t<div  class=\"jeg-elementor-kit jkit-search jeg_module___69ed154c51fd8\" ><a href=\"#jkit-search-modal-jeg_module___69ed154c51fd8\" class=\"jkit-search-modal\"><i aria-hidden=\"true\" class=\"fas fa-search\"><\/i><\/a>\n\t\t<div class=\"mfp-hide jkit-modal-search-panel\" id=\"jkit-search-modal-jeg_module___69ed154c51fd8\">\n\t\t\t<div class=\"jkit-search-panel\">\n\t\t\t<form role=\"search\" method=\"get\" class=\"jkit-search-group\" action=\"https:\/\/vkoutsourcing.com\/ko\/\" data-trp-original-action=\"https:\/\/vkoutsourcing.com\/ko\/\">\n\t\t\t\t<input type=\"search\" class=\"jkit-search-field\" placeholder=\"Search...\" value=\"\" name=\"s\" \/>\n\t\t\t\t<button type=\"submit\" class=\"jkit-search-button\"><i aria-hidden=\"true\" class=\"fas fa-search\"><\/i><\/button>\n\t\t\t<input type=\"hidden\" name=\"trp-form-language\" value=\"ko\"\/><\/form>\n\t\t<\/div>\n\t\t<\/div><\/div>\t\t<\/div>\n\t\t\t\t<\/div>\n\t\t\t\t<div class=\"elementor-element elementor-element-77b546f elementor-widget elementor-widget-text-editor\" data-id=\"77b546f\" data-element_type=\"widget\" data-widget_type=\"text-editor.default\">\n\t\t\t\t<div class=\"elementor-widget-container\">\n\t\t\t<style>\/*! elementor - v3.6.7 - 03-07-2022 *\/\n.elementor-widget-text-editor.elementor-drop-cap-view-stacked .elementor-drop-cap{background-color:#818a91;color:#fff}.elementor-widget-text-editor.elementor-drop-cap-view-framed .elementor-drop-cap{color:#818a91;border:3px solid;background-color:transparent}.elementor-widget-text-editor:not(.elementor-drop-cap-view-default) .elementor-drop-cap{margin-top:8px}.elementor-widget-text-editor:not(.elementor-drop-cap-view-default) .elementor-drop-cap-letter{width:1em;height:1em}.elementor-widget-text-editor .elementor-drop-cap{float:left;text-align:center;line-height:1;font-size:50px}.elementor-widget-text-editor .elementor-drop-cap-letter{display:inline-block}<\/style>\t\t\t\t<p><span style=\"color: #000000; font-family: arial, helvetica, sans-serif;\">\u00a0 \u00a0 \u00a0 \u00a0 \u00a0 \uadc0\uc0ac\uc758 \uac1c\uc778\uc0ac\uc5c5\uc790 \uc8fc\uc18c\uc774\uc804\uc744 \uc800\ub834\ud55c \ube44\uc6a9\uc73c\ub85c \ud638\uce58\ubbfc\uc2dc 7\uad70\uc758 \uc911\uc2ec\uc9c0\uc5d0 \uc704\uce58\uc2dc\ud0a4\uace0 \uc2f6\uc73c\uc2e0\uac00\uc694?<\/span><\/p><p><span style=\"color: #000000; font-family: arial, helvetica, sans-serif;\">\u00a0 \u00a0 \u00a0 \u00a0 \u00a0 \uadf8\ub807\ub2e4\uba74 VK SOHO OFFICES\uc774 \uc81c\uacf5\ud558\ub294 \ube44\uc0c1\uc8fc \uc624\ud53c\uc2a4 \uc11c\ube44\uc2a4\uac00 \ubc14\ub85c \ucc3e\uace0 \uc788\ub294 \uac83\uc785\ub2c8\ub2e4.<\/span><\/p><p><span style=\"color: #000000; font-family: arial, helvetica, sans-serif;\">\u00a0<\/span><\/p><p><span style=\"color: #000000;\">\u00a0 \u00a0 \u00a0 \u00a0 \u00a0 \uac00\uc0c1\uc624\ud53c\uc2a4\ub294 \ube44\uc6a9 \uc808\uac10\uacfc \ud3b8\uc758\uc131\uc744 \uc8fc\uae30 \ub54c\ubb38\uc5d0 \uc778\uae30\uac00 \uc810\ucc28 \ub192\uc544\uc9c0\ub294 \uc11c\ube44\uc2a4\uc785\ub2c8\ub2e4.\n\uadf8\ub7ec\ub098 \uc544\uc9c1 \uc77c\ubd80 \uae30\uc5c5\uc740 \uac00\uc0c1\uc624\ud53c\uc2a4\uac00 \uc815\ud655\ud788 \ubb34\uc5c7\uc778\uc9c0 \uc774\ud574\ud558\uc9c0 \ubabb\ud558\uc5ec \ud63c\ub780\uc2a4\ub7ec\uc6cc \ud558\uace0 \uc788\uc2b5\ub2c8\ub2e4.<\/span><\/p>\t\t\t\t\t\t<\/div>\n\t\t\t\t<\/div>\n\t\t\t\t<div class=\"elementor-element elementor-element-d1f172e elementor-widget elementor-widget-heading\" data-id=\"d1f172e\" data-element_type=\"widget\" data-widget_type=\"heading.default\">\n\t\t\t\t<div class=\"elementor-widget-container\">\n\t\t\t<h6 class=\"elementor-heading-title elementor-size-default\">\uadf8\ub7fc \uac00\uc0c1\uc624\ud53c\uc2a4\ub780 \ubb34\uc5c7\uc778\uac00\uc694?<\/h6>\t\t<\/div>\n\t\t\t\t<\/div>\n\t\t\t\t<div class=\"elementor-element elementor-element-0f004d6 elementor-widget elementor-widget-text-editor\" data-id=\"0f004d6\" data-element_type=\"widget\" data-widget_type=\"text-editor.default\">\n\t\t\t\t<div class=\"elementor-widget-container\">\n\t\t\t\t\t\t\t<p><span style=\"color: #000000;\">\u00a0 \u00a0 \u00a0 \u00a0 \u00a0 \uac00\uc0c1\uc624\ud53c\uc2a4 \ub610\ub294 \ube44\uc0c1\uc8fc \uc624\ud53c\uc2a4(V<em>irtual office<\/em>)\ub294 \uc0ac\ubb34\uc2e4 \uc8fc\uc18c\ub098 \ub300\ub9ac\uc810 \uc0ac\ubb34\uc2e4\uc744 \uc784\ub300\ud558\uace0 \uc218\uc2e0 \ub370\uc2a4\ud06c, \uc0ac\uc5c5 \ub4f1\ub85d \uc8fc\uc18c, \uc804\ud654\ubc88\ud638, \ud329\uc2a4\ubc88\ud638, \uace0\uac1d \uc811\ub300\uc2e4 \ub4f1 \uae30\ubcf8\uc801\uc778 \ud68c\uc0ac \uc11c\ube44\uc2a4\ub97c \ubaa8\ub450 \uc81c\uacf5\ud569\ub2c8\ub2e4.<\/span><\/p><p><span style=\"color: #000000;\">\u00a0<\/span><\/p><p><span style=\"color: #000000;\">\u00a0 \u00a0 \u00a0 \u00a0 \u00a0 \uac00\uc0c1\uc0ac\ubb34\uc2e4\uc740 \uc804\ud1b5 \uc0ac\ubb34\uc2e4\uacfc \ub2e4\ub978 \uc810\uc740 \uc9c1\uc6d0\uc774 \uc0ac\ubb34\uc2e4\uc5d0 \ud56d\uc0c1 \uc788\uc744 \ud544\uc694\uac00 \uc5c6\uace0 \ub300\uc2e0 \uc5b4\ub514\uc5d0\uc11c\ub098 \uc77c\ud560 \uc218\uc788\ub2e4\ub294 \uc810\uc785\ub2c8\ub2e4.<br \/><\/span><\/p><p><span style=\"color: #000000;\">\u00a0 \u00a0 \u00a0 \u00a0 \u00a0 \uac04\ub2e8\ud788 \ub9d0\ud558\uba74 \uac00\uc0c1\uc624\ud53c\uc2a4\ub294 \uc0ac\uc5c5\ub4f1\ub85d \ub610\ub294 \ub300\ub9ac\uc810 \uc0ac\ubb34\uc2e4\uc744 \uc704\ud574 \uc7a5\uc18c\ub97c \uc784\ub300\ud558\ub294 \ud615\ud0dc\uc785\ub2c8\ub2e4. \ub530\ub77c\uc11c \uc77c\ubc18 \uc0ac\ubb34\uc2e4 \uc784\ub300\uc640 \ube44\uad50\ud558\uc5ec \uac00\uc0c1\uc624\ud53c\uc2a4\ub294 \uc0ac\ubb34\uc2e4 \ube44\uc6a9 \uc808\uac10\ud560 \uc218 \uc788\ub294 \ub531 \uc88b\uc740 \ubc29\ubc95\uc785\ub2c8\ub2e4. \uc774\ub294 \uc804\ubb38\uc801\uc778 \ud68c\uc0ac \uc774\ubbf8\uc9c0\ub85c \uacbd\uc601 \uae30\ud68c\ub97c \uc720\uc9c0\ud558\uba74\uc11c \ub9ce\uc740 \ube44\uc6a9\uc744 \uc808\uc57d\ud558\ub294 \uc2a4\ub9c8\ud2b8\ud55c \uc0ac\ubb34\uc2e4 \ud574\uacb0\ubc95\uc785\ub2c8\ub2e4.<\/span><\/p><p><span style=\"color: #000000;\">\u00a0<\/span><\/p><p><span style=\"color: #000000;\">\u00a0 \u00a0 \u00a0 \u00a0 \u00a0 VK SOHO\uc5d0\uc11c\ub294 \uace0\uac1d\uc758 \ud2b9\uc815 \uc694\uad6c\uc5d0 \ub9de\ub294 \uac00\uc0c1\uc624\ud53c\uc2a4\ub97c \uc124\uacc4\ud560 \uc218 \uc788\uc2b5\ub2c8\ub2e4. \uae30\ubcf8 \uc11c\ube44\uc2a4\ub294 \uc0ac\uc5c5\ub4f1\ub85d \uc8fc\uc18c, \uc804\ud654\ubc88\ud638 \ubc0f \uacf5\uc6a9 \uace0\uac1d \uc811\ub300\uc2e4, \ud30c\ud2b8\ub108\ub9ac\uac00 \ud3ec\ud568\ub429\ub2c8\ub2e4.\u00a0<\/span><\/p>\t\t\t\t\t\t<\/div>\n\t\t\t\t<\/div>\n\t\t\t\t<div class=\"elementor-element elementor-element-30789a4 elementor-widget elementor-widget-heading\" data-id=\"30789a4\" data-element_type=\"widget\" data-widget_type=\"heading.default\">\n\t\t\t\t<div class=\"elementor-widget-container\">\n\t\t\t<h6 class=\"elementor-heading-title elementor-size-default\">VK SOHO\uc758 \ube44\uc8fc\uc0c1 \uc0ac\ubb34\uc2e4 \uc784\ub300 \uc11c\ube44\uc2a4\ub85c \ubb34\uc5c7\uc744 \uae30\ub300\ud560 \uc218 \uc788\ub098\uc694?<\/h6>\t\t<\/div>\n\t\t\t\t<\/div>\n\t\t\t\t<div class=\"elementor-element elementor-element-d4ddbee elementor-widget elementor-widget-text-editor\" data-id=\"d4ddbee\" data-element_type=\"widget\" data-widget_type=\"text-editor.default\">\n\t\t\t\t<div class=\"elementor-widget-container\">\n\t\t\t\t\t\t\t<ul><li><span style=\"color: #000000; font-family: arial, helvetica, sans-serif;\">\ud478\ubbf8\ud765 \uc911\uc2ec\uc5d0 \uc704\uce58\ub85c \uba85\uc131 \uc788\ub294 \ube44\uc988\ub2c8\uc2a4 \uc8fc\uc18c.<\/span><\/li><li><span style=\"color: #000000; font-family: arial, helvetica, sans-serif;\">\ud604\ub300\uc801\uc778 \ud68c\uc758\uc2e4\uacfc \uc804\ubb38\uc801\uc778 \uc791\uc5c5 \uacf5\uac04.<\/span><\/li><li><span style=\"color: #000000; font-family: arial, helvetica, sans-serif;\">\uace0\ud488\uc9c8 \uac00\uad6c\uc640 \uc0ac\ubb34\uc6a9 \uc7a5\ube44\uac00 \uac16\ucdb0\uc9c4 \uc2dc\uc124.<\/span><\/li><li><span style=\"color: #000000; font-family: arial, helvetica, sans-serif;\">\uc804\ubb38\uc801\uc774\uace0 \ud55c\uad6d\uc5b4\uc640 \uc601\uc5b4\uc5d0 \ub2a5\ud1b5\ud55c \ub9ac\uc149\uc158 \uc11c\ube44\uc2a4, \uc6b0\ud3b8 \ucc98\ub9ac \uc9c0\uc6d0.<\/span><\/li><li><span style=\"color: #000000; font-family: arial, helvetica, sans-serif;\">\uc120\uba85\ud558\uace0 \uc2e0\uc18d\ud55c \uc778\uc1c4 \uc11c\ube44\uc2a4.<\/span><\/li><li><span style=\"color: #000000; font-family: arial, helvetica, sans-serif;\">\uace0\uc18d \uc778\ud130\ub137.<\/span><\/li><li><span style=\"color: #000000; font-family: arial, helvetica, sans-serif;\">\ubb34\uc81c\ud55c \ucee4\ud53c \ubc0f \ucc28 \uc81c\uacf5.<\/span><\/li><li><span style=\"color: #000000; font-family: arial, helvetica, sans-serif;\">\ub113\uace0 \uae54\ub054\ud55c \uace0\uac1d \uc751\uc811 \uacf5\uac04.<\/span><\/li><li><span style=\"color: #000000; font-family: arial, helvetica, sans-serif;\">\ube44\uc988\ub2c8\uc2a4 \uc124\ub9bd, \ud68c\uacc4 \ubc0f \uc138\ubb34, \ub9c8\ucf00\ud305 \ub4f1 \ucee8\uc124\ud305.<\/span><\/li><\/ul>\t\t\t\t\t\t<\/div>\n\t\t\t\t<\/div>\n\t\t\t\t<div class=\"elementor-element elementor-element-06e4390 elementor-button-info elementor-align-center elementor-widget elementor-widget-button\" data-id=\"06e4390\" data-element_type=\"widget\" data-widget_type=\"button.default\">\n\t\t\t\t<div class=\"elementor-widget-container\">\n\t\t\t\t\t<div class=\"elementor-button-wrapper\">\n\t\t\t<a href=\"#\" class=\"elementor-button-link elementor-button elementor-size-sm\" role=\"button\" id=\"btn-sale\">\n\t\t\t\t\t\t<span class=\"elementor-button-content-wrapper\">\n\t\t\t\t\t\t<span class=\"elementor-button-text\">\uc0c1\ub2f4\ubc1b\uae30<\/span>\n\t\t<\/span>\n\t\t\t\t\t<\/a>\n\t\t<\/div>\n\t\t\t\t<\/div>\n\t\t\t\t<\/div>\n\t\t\t\t<div class=\"elementor-element elementor-element-68bdf66 elementor-widget elementor-widget-spacer\" data-id=\"68bdf66\" data-element_type=\"widget\" data-widget_type=\"spacer.default\">\n\t\t\t\t<div class=\"elementor-widget-container\">\n\t\t\t<style>\/*! elementor - v3.6.7 - 03-07-2022 *\/\n.e-container.e-container--row .elementor-spacer-inner{width:var(--spacer-size)}.e-container.e-container--column .elementor-spacer-inner,.elementor-column .elementor-spacer-inner{height:var(--spacer-size)}<\/style>\t\t<div class=\"elementor-spacer\">\n\t\t\t<div class=\"elementor-spacer-inner\"><\/div>\n\t\t<\/div>\n\t\t\t\t<\/div>\n\t\t\t\t<\/div>\n\t\t\t\t<div class=\"elementor-element elementor-element-8eecc5d elementor-widget elementor-widget-heading\" data-id=\"8eecc5d\" data-element_type=\"widget\" data-widget_type=\"heading.default\">\n\t\t\t\t<div class=\"elementor-widget-container\">\n\t\t\t<h2 class=\"elementor-heading-title elementor-size-large\">VK SOHO\uc758 \uac00\uc0c1\uc0ac\ubb34\uc2e4 \uc784\ub300 \uc635\uc158<\/h2>\t\t<\/div>\n\t\t\t\t<\/div>\n\t\t\t\t<div class=\"elementor-element elementor-element-1cb1194 elementor-widget elementor-widget-image\" data-id=\"1cb1194\" data-element_type=\"widget\" data-widget_type=\"image.default\">\n\t\t\t\t<div class=\"elementor-widget-container\">\n\t\t\t<style>\/*! elementor - v3.6.7 - 03-07-2022 *\/\n.elementor-widget-image{text-align:center}.elementor-widget-image a{display:inline-block}.elementor-widget-image a img[src$=\".svg\"]{width:48px}.elementor-widget-image img{vertical-align:middle;display:inline-block}<\/style>\t\t\t\t\t\t\t\t\t\t\t\t<img decoding=\"async\" width=\"750\" height=\"1061\" src=\"https:\/\/vkoutsourcing.com\/wp-content\/uploads\/2023\/04\/04f666b3fb7c27227e6d-768x1086.jpg\" class=\"attachment-medium_large size-medium_large\" alt=\"\" loading=\"lazy\" srcset=\"https:\/\/vkoutsourcing.com\/wp-content\/uploads\/2023\/04\/04f666b3fb7c27227e6d-768x1086.jpg 768w, https:\/\/vkoutsourcing.com\/wp-content\/uploads\/2023\/04\/04f666b3fb7c27227e6d-212x300.jpg 212w, https:\/\/vkoutsourcing.com\/wp-content\/uploads\/2023\/04\/04f666b3fb7c27227e6d-724x1024.jpg 724w, https:\/\/vkoutsourcing.com\/wp-content\/uploads\/2023\/04\/04f666b3fb7c27227e6d-1086x1536.jpg 1086w, https:\/\/vkoutsourcing.com\/wp-content\/uploads\/2023\/04\/04f666b3fb7c27227e6d-1448x2048.jpg 1448w, https:\/\/vkoutsourcing.com\/wp-content\/uploads\/2023\/04\/04f666b3fb7c27227e6d-8x12.jpg 8w, https:\/\/vkoutsourcing.com\/wp-content\/uploads\/2023\/04\/04f666b3fb7c27227e6d-1568x2217.jpg 1568w, https:\/\/vkoutsourcing.com\/wp-content\/uploads\/2023\/04\/04f666b3fb7c27227e6d-scaled.jpg 1811w\" sizes=\"(max-width: 750px) 100vw, 750px\" style=\"width:100%;height:141.36%;max-width:1811px\" \/>\t\t\t\t\t\t\t\t\t\t\t\t\t\t\t<\/div>\n\t\t\t\t<\/div>\n\t\t\t\t<div class=\"elementor-element elementor-element-94e3506 elementor-widget elementor-widget-spacer\" data-id=\"94e3506\" data-element_type=\"widget\" data-widget_type=\"spacer.default\">\n\t\t\t\t<div class=\"elementor-widget-container\">\n\t\t\t\t\t<div class=\"elementor-spacer\">\n\t\t\t<div class=\"elementor-spacer-inner\"><\/div>\n\t\t<\/div>\n\t\t\t\t<\/div>\n\t\t\t\t<\/div>\n\t\t\t\t<div class=\"elementor-element elementor-element-153a0a8 elementor-widget elementor-widget-heading\" data-id=\"153a0a8\" data-element_type=\"widget\" data-widget_type=\"heading.default\">\n\t\t\t\t<div class=\"elementor-widget-container\">\n\t\t\t<h2 class=\"elementor-heading-title elementor-size-large\">VK SOHO\uc758 \uc0ac\ubb34\uc2e4 \uacf5\uac04<\/h2>\t\t<\/div>\n\t\t\t\t<\/div>\n\t\t\t\t<div class=\"elementor-element elementor-element-c256113 elementor-arrows-position-inside elementor-pagination-position-outside elementor-widget elementor-widget-image-carousel\" data-id=\"c256113\" data-element_type=\"widget\" data-settings=\"{&quot;navigation&quot;:&quot;both&quot;,&quot;autoplay&quot;:&quot;yes&quot;,&quot;pause_on_hover&quot;:&quot;yes&quot;,&quot;pause_on_interaction&quot;:&quot;yes&quot;,&quot;autoplay_speed&quot;:5000,&quot;infinite&quot;:&quot;yes&quot;,&quot;speed&quot;:500,&quot;image_spacing_custom&quot;:{&quot;unit&quot;:&quot;px&quot;,&quot;size&quot;:20,&quot;sizes&quot;:[]}}\" data-widget_type=\"image-carousel.default\">\n\t\t\t\t<div class=\"elementor-widget-container\">\n\t\t\t<style>\/*! elementor - v3.6.7 - 03-07-2022 *\/\n.elementor-widget-image-carousel .swiper-container{position:static}.elementor-widget-image-carousel .swiper-container .swiper-slide figure{line-height:inherit}.elementor-widget-image-carousel .swiper-slide{text-align:center}.elementor-image-carousel-wrapper:not(.swiper-container-initialized) .swiper-slide{max-width:calc(100% \/ var(--e-image-carousel-slides-to-show, 3))}<\/style>\t\t<div class=\"elementor-image-carousel-wrapper swiper-container\" dir=\"ltr\">\n\t\t\t<div class=\"elementor-image-carousel swiper-wrapper swiper-image-stretch\">\n\t\t\t\t\t\t\t\t<div class=\"swiper-slide\"><figure class=\"swiper-slide-inner\"><img decoding=\"async\" class=\"swiper-slide-image\" src=\"https:\/\/vkoutsourcing.com\/wp-content\/uploads\/2023\/04\/VK-cowork-Gui-chao-Insta-1-768x768.png\" alt=\"VK cowork - G\u1eedi ch\u00e0o Insta (1)\" \/><\/figure><\/div><div class=\"swiper-slide\"><figure class=\"swiper-slide-inner\"><img decoding=\"async\" class=\"swiper-slide-image\" src=\"https:\/\/vkoutsourcing.com\/wp-content\/uploads\/2023\/04\/Pantry-768x768.png\" alt=\"van-phong-ao-vk-quan-7\" \/><\/figure><\/div><div class=\"swiper-slide\"><figure class=\"swiper-slide-inner\"><img decoding=\"async\" class=\"swiper-slide-image\" src=\"https:\/\/vkoutsourcing.com\/wp-content\/uploads\/2023\/04\/VK-cowork-Gui-chao-Insta-3-768x768.png\" alt=\"VK cowork - G\u1eedi ch\u00e0o Insta (3)\" \/><\/figure><\/div><div class=\"swiper-slide\"><figure class=\"swiper-slide-inner\"><img decoding=\"async\" class=\"swiper-slide-image\" src=\"https:\/\/vkoutsourcing.com\/wp-content\/uploads\/2023\/04\/OK-768x768.png\" alt=\"VK-cowork-van-phong-hop\" \/><\/figure><\/div><div class=\"swiper-slide\"><figure class=\"swiper-slide-inner\"><img decoding=\"async\" class=\"swiper-slide-image\" src=\"https:\/\/vkoutsourcing.com\/wp-content\/uploads\/2023\/04\/VK-cowork-Gui-chao-Insta-768x768.png\" alt=\"VK cowork - G\u1eedi ch\u00e0o Insta\" \/><\/figure><\/div><div class=\"swiper-slide\"><figure class=\"swiper-slide-inner\"><img decoding=\"async\" class=\"swiper-slide-image\" src=\"https:\/\/vkoutsourcing.com\/wp-content\/uploads\/2023\/04\/Pantry-1-768x768.png\" alt=\"VK-cowork-van-phong-rieng-pantry\" \/><\/figure><\/div><div class=\"swiper-slide\"><figure class=\"swiper-slide-inner\"><img decoding=\"async\" class=\"swiper-slide-image\" src=\"https:\/\/vkoutsourcing.com\/wp-content\/uploads\/2023\/04\/VK-cowork-Gui-chao-Insta-2-768x768.png\" alt=\"VK cowork - G\u1eedi ch\u00e0o Insta (2)\" \/><\/figure><\/div>\t\t\t<\/div>\n\t\t\t\t\t\t\t\t\t\t\t\t<div class=\"swiper-pagination\"><\/div>\n\t\t\t\t\t\t\t\t\t\t\t\t\t<div class=\"elementor-swiper-button elementor-swiper-button-prev\">\n\t\t\t\t\t\t<i aria-hidden=\"true\" class=\"eicon-chevron-left\"><\/i>\t\t\t\t\t\t<span class=\"elementor-screen-only\">Previous<\/span>\n\t\t\t\t\t<\/div>\n\t\t\t\t\t<div class=\"elementor-swiper-button elementor-swiper-button-next\">\n\t\t\t\t\t\t<i aria-hidden=\"true\" class=\"eicon-chevron-right\"><\/i>\t\t\t\t\t\t<span class=\"elementor-screen-only\">Next<\/span>\n\t\t\t\t\t<\/div>\n\t\t\t\t\t\t\t\t\t<\/div>\n\t\t\t\t<\/div>\n\t\t\t\t<\/div>\n\t\t\t\t<div class=\"elementor-element elementor-element-672eddd elementor-button-info elementor-align-center elementor-widget elementor-widget-button\" data-id=\"672eddd\" data-element_type=\"widget\" data-widget_type=\"button.default\">\n\t\t\t\t<div class=\"elementor-widget-container\">\n\t\t\t\t\t<div class=\"elementor-button-wrapper\">\n\t\t\t<a href=\"#\" class=\"elementor-button-link elementor-button elementor-size-sm\" role=\"button\" id=\"btn-sale\">\n\t\t\t\t\t\t<span class=\"elementor-button-content-wrapper\">\n\t\t\t\t\t\t<span class=\"elementor-button-text\">\u0110\u0102NG K\u00dd THAM QUAN<\/span>\n\t\t<\/span>\n\t\t\t\t\t<\/a>\n\t\t<\/div>\n\t\t\t\t<\/div>\n\t\t\t\t<\/div>\n\t\t\t\t<div class=\"elementor-element elementor-element-2d7da92 elementor-widget elementor-widget-text-editor\" data-id=\"2d7da92\" data-element_type=\"widget\" data-widget_type=\"text-editor.default\">\n\t\t\t\t<div class=\"elementor-widget-container\">\n\t\t\t\t\t\t\t<blockquote><p><span style=\"font-family: arial, helvetica, sans-serif; color: #000000;\">\uc704\uc5d0\uc11c \uc5b8\uae09\ud574\ub4dc\ub9b0 \uc815\ubcf4\ub85c VK SOHO OFFICES\ub294 \uc0ac\ubb34\uc2e4 \ube44\uc6a9 \uc808\uac10\ud558\uace0 \ube44\uc988\ub2c8\uc2a4 \ud65c\ub3d9\uc5d0 \uacbd\uc81c\uc801 \ud6a8\uacfc\ub97c \uc81c\uacf5\ud558\uae30\ub97c \ubc14\ub78d\ub2c8\ub2e4.<\/span><\/p><\/blockquote><p>\u00a0<\/p><p><span style=\"font-family: arial, helvetica, sans-serif; color: #000000;\">\ub354 \ub9ce\uc740 \uc0c1\ub2f4\uc744 \ubc1b\uac70\ub098 \uc800\ud76c\uc640 \ubb34\ub8cc \ud22c\uc5b4 \uc608\uc57d \uc704\ud574 \uc544\ub798\uc758 \uc5f0\ub77d\ucc98\ub098 \ud32c\ud398\uc774\uc9c0\ub85c VK SOHO OFFICES\uc5d0 \uc5f0\ub77d\ud574\uc8fc\uc138\uc694.<\/span><\/p><p><span style=\"font-family: arial, helvetica, sans-serif; color: #000000;\">Hotline: 078.241.8585<\/span><\/p><p><span style=\"font-family: arial, helvetica, sans-serif; color: #000000;\">Fanpage:\u00a0<\/span><a style=\"font-family: var(--entry-content--font-family); background-color: #fbfbfb;\" href=\"https:\/\/www.facebook.com\/vkcoworkingspace\" target=\"_blank\" rel=\"noopener\">VK Coworking Space<\/a><\/p><p><span style=\"font-family: arial, helvetica, sans-serif; color: #000000;\">\uadfc\ubb34\uc2dc\uac04: 8:00 am \u2013 5:00 pm<\/span><\/p><p><span style=\"font-family: arial, helvetica, sans-serif; color: #000000;\">\uc8fc\uc18c: \ud638\uc9c0\ubbfc 7\uad70 T\u00e2n Phong\ub3d9 N\u1ed9i Khu H\u01b0ng Ph\u01b0\u1edbc II\ub85c 45-47<\/span><\/p>\t\t\t\t\t\t<\/div>\n\t\t\t\t<\/div>\n\t\t\t\t\t<\/div>\n\t\t<\/div>\n\t\t\t\t\t\t\t<\/div>\n\t\t<\/section>\n\t\t\t\t<section class=\"elementor-section elementor-top-section elementor-element elementor-element-5efe0ed elementor-section-stretched elementor-section-boxed elementor-section-height-default elementor-section-height-default\" data-id=\"5efe0ed\" data-element_type=\"section\" data-settings=\"{&quot;stretch_section&quot;:&quot;section-stretched&quot;}\">\n\t\t\t\t\t\t<div class=\"elementor-container elementor-column-gap-default\">\n\t\t\t\t\t<div class=\"elementor-column elementor-col-100 elementor-top-column elementor-element elementor-element-0d125b0\" data-id=\"0d125b0\" data-element_type=\"column\" data-settings=\"{&quot;background_background&quot;:&quot;classic&quot;}\">\n\t\t\t<div class=\"elementor-widget-wrap elementor-element-populated\">\n\t\t\t\t\t<div class=\"elementor-background-overlay\"><\/div>\n\t\t\t\t\t\t\t\t<div class=\"elementor-element elementor-element-8084438 elementor-widget elementor-widget-heading\" data-id=\"8084438\" data-element_type=\"widget\" data-widget_type=\"heading.default\">\n\t\t\t\t<div class=\"elementor-widget-container\">\n\t\t\t<h2 class=\"elementor-heading-title elementor-size-default\"><h2 data-elementor-setting-key=\"title\" data-pen-placeholder=\"G\u00f5 v\u00e0o \u0111\u00e2y...\" style=\"font-family: Muli, sans-serif; font-size: 42px; letter-spacing: normal; line-height: 1em; color: rgb(255, 255, 255); text-transform: uppercase; text-align: center; background-color: rgba(255, 255, 255, 0.12);\">\uc800\ud76c\uc5d0\uac8c \ubc14\ub85c \uc5f0\ub77d\ud574\uc11c \uc800\ud76c\uac00 \ub3c4\uc640\ub4dc\ub9ac\uaca0\uc2b5\ub2c8\ub2e4<\/h2><\/h2>\t\t<\/div>\n\t\t\t\t<\/div>\n\t\t\t\t<div class=\"elementor-element elementor-element-28dab04 elementor-widget elementor-widget-text-editor\" data-id=\"28dab04\" data-element_type=\"widget\" data-widget_type=\"text-editor.default\">\n\t\t\t\t<div class=\"elementor-widget-container\">\n\t\t\t\t\t\t\t<p><span style=\"color: #ffffff; font-family: Roboto, sans-serif; font-size: 17px; text-align: center; background-color: rgba(255, 255, 255, 0.12);\">\u00a0<\/span><\/p><p><span style=\"color: #ffffff; font-family: Roboto, sans-serif; font-size: 17px; text-align: center; background-color: rgba(255, 255, 255, 0.12);\">VK Soho\ub294 \ud6a8\uacfc\uc801\uc778 \uc0ac\uc5c5 \uacc4\ud68d\uc744 \uc138\uc6b8 \uc218 \uc788\ub3c4\ub85d \ub3c4\uc640\uc90d\ub2c8\ub2e4.<\/span><\/p>\t\t\t\t\t\t<\/div>\n\t\t\t\t<\/div>\n\t\t\t\t\t<\/div>\n\t\t<\/div>\n\t\t\t\t\t\t\t<\/div>\n\t\t<\/section>\n\t\t\t\t<section class=\"elementor-section elementor-top-section elementor-element elementor-element-d5b025e elementor-section-stretched elementor-section-boxed elementor-section-height-default elementor-section-height-default\" data-id=\"d5b025e\" data-element_type=\"section\" data-settings=\"{&quot;stretch_section&quot;:&quot;section-stretched&quot;}\">\n\t\t\t\t\t\t<div class=\"elementor-container elementor-column-gap-default\">\n\t\t\t\t\t<div class=\"elementor-column elementor-col-100 elementor-top-column elementor-element elementor-element-7cdf36d\" data-id=\"7cdf36d\" data-element_type=\"column\">\n\t\t\t<div class=\"elementor-widget-wrap\">\n\t\t\t\t\t\t\t\t\t<\/div>\n\t\t<\/div>\n\t\t\t\t\t\t\t<\/div>\n\t\t<\/section>\n\t\t\t\t\t\t\t<\/div>","protected":false},"excerpt":{"rendered":"<p>THU\u00ca V\u0102N PH\u00d2NG \u1ea2O NGAY T\u1ea0I PH\u00da M\u1ef8 H\u01afNG, QU\u1eacN 7 &nbsp; &nbsp; &nbsp; &nbsp; &nbsp; B\u1ea1n mu\u1ed1n \u0111\u1ecba ch\u1ec9 kinh doanh c\u1ee7a doanh nghi\u1ec7p m\u00ecnh \u0111\u01b0\u1ee3c \u0111\u1eb7t t\u1ea1i m\u1ed9t \u0111\u1ecba \u0111i\u1ec3m uy t\u00edn \u1edf trung t\u00e2m Qu\u1eadn 7 v\u1edbi chi ph\u00ed ph\u1ea3i ch\u0103ng? &nbsp; &nbsp; &nbsp; &nbsp; &nbsp; V\u1eady th\u00ec D\u1ecbch v\u1ee5 V\u0103n ph\u00f2ng&hellip; <a class=\"more-link\" href=\"https:\/\/vkoutsourcing.com\/ko\/dat-dia-chi-van-phong\/\">Continue reading <span class=\"screen-reader-text\">\uac00\uc0c1\uc624\ud53c\uc2a4 \uc784\ub300<\/span><\/a><\/p>","protected":false},"author":1,"featured_media":0,"parent":0,"menu_order":0,"comment_status":"closed","ping_status":"closed","template":"elementor_header_footer","meta":{"inline_featured_image":false},"_links":{"self":[{"href":"https:\/\/vkoutsourcing.com\/ko\/wp-json\/wp\/v2\/pages\/3707"}],"collection":[{"href":"https:\/\/vkoutsourcing.com\/ko\/wp-json\/wp\/v2\/pages"}],"about":[{"href":"https:\/\/vkoutsourcing.com\/ko\/wp-json\/wp\/v2\/types\/page"}],"author":[{"embeddable":true,"href":"https:\/\/vkoutsourcing.com\/ko\/wp-json\/wp\/v2\/users\/1"}],"replies":[{"embeddable":true,"href":"https:\/\/vkoutsourcing.com\/ko\/wp-json\/wp\/v2\/comments?post=3707"}],"version-history":[{"count":110,"href":"https:\/\/vkoutsourcing.com\/ko\/wp-json\/wp\/v2\/pages\/3707\/revisions"}],"predecessor-version":[{"id":3907,"href":"https:\/\/vkoutsourcing.com\/ko\/wp-json\/wp\/v2\/pages\/3707\/revisions\/3907"}],"wp:attachment":[{"href":"https:\/\/vkoutsourcing.com\/ko\/wp-json\/wp\/v2\/media?parent=3707"}],"curies":[{"name":"wp","href":"https:\/\/api.w.org\/{rel}","templated":true}]}}