{"id":3961,"date":"2023-04-25T10:03:29","date_gmt":"2023-04-25T10:03:29","guid":{"rendered":"https:\/\/vkoutsourcing.com.vn\/?page_id=3961"},"modified":"2023-04-26T02:22:07","modified_gmt":"2023-04-26T02:22:07","slug":"nhan-vien-spa-khach-san-sabina","status":"publish","type":"page","link":"https:\/\/vkoutsourcing.com\/ko\/tuyen-dung-nhan-su\/viec-lam-danh-cho-ban\/nhan-vien-spa-khach-san-sabina\/","title":{"rendered":"NH\u00c2N VI\u00caN SPA &#8211; KH\u00c1CH S\u1ea0N SABINA"},"content":{"rendered":"<div data-elementor-type=\"wp-page\" data-elementor-id=\"3961\" class=\"elementor elementor-3961\">\n\t\t\t\t\t\t\t\t\t<section class=\"elementor-section elementor-top-section elementor-element elementor-element-e0ce1ed elementor-section-stretched elementor-section-boxed elementor-section-height-default elementor-section-height-default\" data-id=\"e0ce1ed\" data-element_type=\"section\" data-settings=\"{&quot;stretch_section&quot;:&quot;section-stretched&quot;}\">\n\t\t\t\t\t\t<div class=\"elementor-container elementor-column-gap-default\">\n\t\t\t\t\t<div class=\"elementor-column elementor-col-100 elementor-top-column elementor-element elementor-element-44d58d7\" data-id=\"44d58d7\" data-element_type=\"column\">\n\t\t\t<div class=\"elementor-widget-wrap elementor-element-populated\">\n\t\t\t\t\t\t\t\t<section class=\"elementor-section elementor-inner-section elementor-element elementor-element-e4d7708 elementor-section-boxed elementor-section-height-default elementor-section-height-default\" data-id=\"e4d7708\" data-element_type=\"section\">\n\t\t\t\t\t\t<div class=\"elementor-container elementor-column-gap-default\">\n\t\t\t\t\t<div class=\"elementor-column elementor-col-50 elementor-inner-column elementor-element elementor-element-e8112c9\" data-id=\"e8112c9\" data-element_type=\"column\">\n\t\t\t<div class=\"elementor-widget-wrap elementor-element-populated\">\n\t\t\t\t\t\t\t\t<div class=\"elementor-element elementor-element-c60f1d9 elementor-widget elementor-widget-image\" data-id=\"c60f1d9\" data-element_type=\"widget\" data-widget_type=\"image.default\">\n\t\t\t\t<div class=\"elementor-widget-container\">\n\t\t\t<style>\/*! elementor - v3.6.7 - 03-07-2022 *\/\n.elementor-widget-image{text-align:center}.elementor-widget-image a{display:inline-block}.elementor-widget-image a img[src$=\".svg\"]{width:48px}.elementor-widget-image img{vertical-align:middle;display:inline-block}<\/style>\t\t\t\t\t\t\t\t\t\t\t\t<img decoding=\"async\" width=\"750\" height=\"750\" src=\"https:\/\/vkoutsourcing.com\/wp-content\/uploads\/2023\/02\/Logo-SABINA-1-768x768.png\" class=\"attachment-medium_large size-medium_large\" alt=\"\" loading=\"lazy\" srcset=\"https:\/\/vkoutsourcing.com\/wp-content\/uploads\/2023\/02\/Logo-SABINA-1-768x768.png 768w, https:\/\/vkoutsourcing.com\/wp-content\/uploads\/2023\/02\/Logo-SABINA-1-300x300.png 300w, https:\/\/vkoutsourcing.com\/wp-content\/uploads\/2023\/02\/Logo-SABINA-1-1024x1024.png 1024w, https:\/\/vkoutsourcing.com\/wp-content\/uploads\/2023\/02\/Logo-SABINA-1-150x150.png 150w, https:\/\/vkoutsourcing.com\/wp-content\/uploads\/2023\/02\/Logo-SABINA-1-12x12.png 12w, https:\/\/vkoutsourcing.com\/wp-content\/uploads\/2023\/02\/Logo-SABINA-1.png 1240w\" sizes=\"(max-width: 750px) 100vw, 750px\" style=\"width:100%;height:100%;max-width:1240px\" \/>\t\t\t\t\t\t\t\t\t\t\t\t\t\t\t<\/div>\n\t\t\t\t<\/div>\n\t\t\t\t\t<\/div>\n\t\t<\/div>\n\t\t\t\t<div class=\"elementor-column elementor-col-50 elementor-inner-column elementor-element elementor-element-ccf14dc\" data-id=\"ccf14dc\" data-element_type=\"column\">\n\t\t\t<div class=\"elementor-widget-wrap elementor-element-populated\">\n\t\t\t\t\t\t\t\t<div class=\"elementor-element elementor-element-c221579 elementor-widget elementor-widget-spacer\" data-id=\"c221579\" data-element_type=\"widget\" data-widget_type=\"spacer.default\">\n\t\t\t\t<div class=\"elementor-widget-container\">\n\t\t\t<style>\/*! elementor - v3.6.7 - 03-07-2022 *\/\n.e-container.e-container--row .elementor-spacer-inner{width:var(--spacer-size)}.e-container.e-container--column .elementor-spacer-inner,.elementor-column .elementor-spacer-inner{height:var(--spacer-size)}<\/style>\t\t<div class=\"elementor-spacer\">\n\t\t\t<div class=\"elementor-spacer-inner\"><\/div>\n\t\t<\/div>\n\t\t\t\t<\/div>\n\t\t\t\t<\/div>\n\t\t\t\t<div class=\"elementor-element elementor-element-d4f75db elementor-widget elementor-widget-text-editor\" data-id=\"d4f75db\" data-element_type=\"widget\" data-widget_type=\"text-editor.default\">\n\t\t\t\t<div class=\"elementor-widget-container\">\n\t\t\t<style>\/*! elementor - v3.6.7 - 03-07-2022 *\/\n.elementor-widget-text-editor.elementor-drop-cap-view-stacked .elementor-drop-cap{background-color:#818a91;color:#fff}.elementor-widget-text-editor.elementor-drop-cap-view-framed .elementor-drop-cap{color:#818a91;border:3px solid;background-color:transparent}.elementor-widget-text-editor:not(.elementor-drop-cap-view-default) .elementor-drop-cap{margin-top:8px}.elementor-widget-text-editor:not(.elementor-drop-cap-view-default) .elementor-drop-cap-letter{width:1em;height:1em}.elementor-widget-text-editor .elementor-drop-cap{float:left;text-align:center;line-height:1;font-size:50px}.elementor-widget-text-editor .elementor-drop-cap-letter{display:inline-block}<\/style>\t\t\t\t<p><span style=\"color: #000000;\">Sabina Hotel &amp; Villa l\u00e0 chu\u1ed7i kh\u00e1ch s\u1ea1n 3 sao ngay t\u1ea1i trung t\u00e2m Ph\u00fa M\u1ef9 H\u01b0ng, qu\u1eadn 7 \u0111\u01b0\u1ee3c nhi\u1ec1u du kh\u00e1ch trong v\u00e0 ngo\u00e0i n\u01b0\u1edbc bi\u1ebft \u0111\u1ebfn v\u00e0 \u0111\u1eb7c bi\u1ec7t l\u00e0 v\u1edbi kh\u00e1ch h\u00e0ng ng\u01b0\u1eddi H\u00e0n Qu\u1ed1c.<\/span><\/p>\t\t\t\t\t\t<\/div>\n\t\t\t\t<\/div>\n\t\t\t\t\t<\/div>\n\t\t<\/div>\n\t\t\t\t\t\t\t<\/div>\n\t\t<\/section>\n\t\t\t\t<section class=\"elementor-section elementor-inner-section elementor-element elementor-element-136ff60 elementor-section-boxed elementor-section-height-default elementor-section-height-default\" data-id=\"136ff60\" data-element_type=\"section\">\n\t\t\t\t\t\t<div class=\"elementor-container elementor-column-gap-default\">\n\t\t\t\t\t<div class=\"elementor-column elementor-col-100 elementor-inner-column elementor-element elementor-element-88b0dc9\" data-id=\"88b0dc9\" data-element_type=\"column\">\n\t\t\t<div class=\"elementor-widget-wrap elementor-element-populated\">\n\t\t\t\t\t\t\t\t<div class=\"elementor-element elementor-element-2559897 elementor-widget elementor-widget-text-editor\" data-id=\"2559897\" data-element_type=\"widget\" data-widget_type=\"text-editor.default\">\n\t\t\t\t<div class=\"elementor-widget-container\">\n\t\t\t\t\t\t\t<p><span style=\"font-size: 14pt; font-family: 'times new roman', times, serif; color: #000000;\"><strong>\u00a0<\/strong><\/span><\/p><p><span style=\"font-size: 14pt; font-family: 'times new roman', times, serif; color: #000000;\"><strong>C\u00d4NG VI\u1ec6C CH\u00cdNH:<\/strong><\/span><\/p><p><span id=\"docs-internal-guid-219ced40-7fff-ad60-b99b-e66dc5fff38f\" style=\"font-family: 'times new roman', times, serif; font-size: 14pt;\"><span style=\"color: #000000; background-color: transparent; font-variant-numeric: normal; font-variant-east-asian: normal; font-variant-alternates: normal; vertical-align: baseline; white-space: pre-wrap;\">&#8211; Massage body, m\u1eb7t, b\u1ea5m huy\u1ec7t cho kh\u00e1ch.<\/span><\/span><\/p><p><span style=\"font-weight: 400; font-size: 14pt; font-family: 'times new roman', times, serif; color: #000000;\">\u00a0<\/span><\/p><p><span style=\"font-size: 14pt; font-family: 'times new roman', times, serif; color: #000000;\"><strong> QUY\u1ec0N L\u1ee2I:<\/strong><\/span><\/p><p dir=\"ltr\" style=\"line-height: 1.38; margin-top: 0pt; margin-bottom: 0pt;\"><span style=\"font-family: 'times new roman', times, serif; font-size: 14pt;\"><span style=\"color: #000000; background-color: transparent; font-weight: 400; font-style: normal; font-variant: normal; text-decoration: none; vertical-align: baseline; white-space: pre-wrap;\">&#8211; L\u01b0\u01a1ng: 4.000.000\u0111 + Hoa h\u1ed3ng <\/span><span style=\"background-color: transparent; color: #000000; white-space: pre-wrap;\">(T\u1ed5ng thu nh\u1eadp <b>10.000.000\u0111 &#8211; 15.000.000\u0111<\/b>)<\/span><\/span><\/p><p dir=\"ltr\" style=\"line-height: 1.38; margin-top: 0pt; margin-bottom: 0pt;\"><span style=\"font-size: 14pt; font-family: 'times new roman', times, serif; color: #000000; background-color: transparent; font-weight: 400; font-style: normal; font-variant: normal; text-decoration: none; vertical-align: baseline; white-space: pre-wrap;\">&#8211; H\u1ed7 tr\u1ee3 c\u01a1m 50.000\u0111\/ ng\u00e0y.<\/span><\/p><p><span style=\"font-weight: 400; font-size: 14pt; font-family: 'times new roman', times, serif; color: #000000;\">\u00a0<\/span><\/p><p><span style=\"font-size: 14pt; font-family: 'times new roman', times, serif; color: #000000;\"><strong> Y\u00caU C\u1ea6U:<\/strong><\/span><\/p><p dir=\"ltr\" style=\"line-height: 1.38; margin-top: 0pt; margin-bottom: 0pt;\"><span style=\"font-size: 14pt; font-family: 'times new roman', times, serif; color: #000000; background-color: transparent; font-weight: 400; font-style: normal; font-variant: normal; text-decoration: none; vertical-align: baseline; white-space: pre-wrap;\">&#8211; L\u00e0m \u0111\u01b0\u1ee3c ca 10 ti\u1ebfng (10 am &#8211; 8 pm\/ 12 am-10 pm)<\/span><\/p><p dir=\"ltr\" style=\"line-height: 1.38; margin-top: 0pt; margin-bottom: 0pt;\"><span style=\"font-size: 14pt; font-family: 'times new roman', times, serif; color: #000000; background-color: transparent; font-weight: 400; font-style: normal; font-variant: normal; text-decoration: none; vertical-align: baseline; white-space: pre-wrap;\">&#8211; Kh\u00f4ng y\u00eau c\u1ea7u kinh nghi\u1ec7m.<\/span><\/p><p dir=\"ltr\" style=\"line-height: 1.38; margin-top: 0pt; margin-bottom: 0pt;\"><span style=\"font-size: 14pt; font-family: 'times new roman', times, serif; color: #000000; background-color: transparent; font-weight: 400; font-style: normal; font-variant: normal; text-decoration: none; vertical-align: baseline; white-space: pre-wrap;\">&#8211; Kh\u00f4ng m\u1ed3 h\u00f4i tay.<\/span><\/p><p dir=\"ltr\" style=\"line-height: 1.38; margin-top: 0pt; margin-bottom: 0pt;\"><span style=\"font-size: 14pt; font-family: 'times new roman', times, serif; color: #000000; background-color: transparent; font-weight: 400; font-style: normal; font-variant: normal; text-decoration: none; vertical-align: baseline; white-space: pre-wrap;\">&#8211; S\u1ee9c kh\u1ecfe t\u1ed1t, kh\u00f4ng m\u1eafc c\u00e1c b\u1ec7nh l\u00fd.<\/span><\/p><p><span style=\"font-weight: 400; font-size: 14pt; font-family: 'times new roman', times, serif; color: #000000;\">\u00a0<\/span><\/p><p><span style=\"font-weight: 400; font-size: 14pt; font-family: 'times new roman', times, serif; color: #000000;\"><strong> \u0110\u1ecaA \u0110I\u1ec2M L\u00c0M VI\u1ec6C:<\/strong>\u00a0<\/span><\/p><p><span style=\"font-family: 'times new roman', times, serif; font-size: 14pt;\"><span style=\"color: #000000; background-color: transparent; font-variant-numeric: normal; font-variant-east-asian: normal; font-variant-alternates: normal; vertical-align: baseline; white-space: pre-wrap;\">47-49-51 L\u00ea V\u0103n Thi\u00eam, Qu\u1eadn 7 (T\u00f2a nh\u00e0 Sabina Hotel).<\/span><span style=\"font-weight: 400; color: #000000;\"><br \/><\/span><\/span><\/p><p><span style=\"font-weight: 400; font-size: 14pt; font-family: 'times new roman', times, serif; color: #000000;\">\u00a0<\/span><\/p><p><span style=\"color: #000000; font-family: 'times new roman', times, serif; font-size: 14pt;\"><strong><i>Nhanh tay N\u1ed9p CV \u1ee9ng tuy\u1ec3n t\u1ea1i:<\/i><\/strong><\/span><\/p><p><span style=\"font-family: 'times new roman', times, serif; color: #000000; font-size: 14pt;\">+ Email: vk.headhunt@gmail.com<\/span><\/p><p><span style=\"font-family: 'times new roman', times, serif; color: #000000; font-size: 14pt;\">+ Hotline: 093 7540188\u00a0<\/span><\/p>\t\t\t\t\t\t<\/div>\n\t\t\t\t<\/div>\n\t\t\t\t\t<\/div>\n\t\t<\/div>\n\t\t\t\t\t\t\t<\/div>\n\t\t<\/section>\n\t\t\t\t\t<\/div>\n\t\t<\/div>\n\t\t\t\t\t\t\t<\/div>\n\t\t<\/section>\n\t\t\t\t<section class=\"elementor-section elementor-top-section elementor-element elementor-element-9d2bbe3 elementor-section-boxed elementor-section-height-default elementor-section-height-default\" data-id=\"9d2bbe3\" data-element_type=\"section\">\n\t\t\t\t\t\t<div class=\"elementor-container elementor-column-gap-default\">\n\t\t\t\t\t<div class=\"elementor-column elementor-col-100 elementor-top-column elementor-element elementor-element-14e4c4f\" data-id=\"14e4c4f\" data-element_type=\"column\">\n\t\t\t<div class=\"elementor-widget-wrap elementor-element-populated\">\n\t\t\t\t\t\t\t\t<div class=\"elementor-element elementor-element-2c31f74 elementor-button-info elementor-align-center elementor-widget elementor-widget-button\" data-id=\"2c31f74\" data-element_type=\"widget\" data-widget_type=\"button.default\">\n\t\t\t\t<div class=\"elementor-widget-container\">\n\t\t\t\t\t<div class=\"elementor-button-wrapper\">\n\t\t\t<a class=\"elementor-button elementor-size-lg\" role=\"button\" id=\"btn-cv\">\n\t\t\t\t\t\t<span class=\"elementor-button-content-wrapper\">\n\t\t\t\t\t\t<span class=\"elementor-button-text\">N\u1ed8P CV<\/span>\n\t\t<\/span>\n\t\t\t\t\t<\/a>\n\t\t<\/div>\n\t\t\t\t<\/div>\n\t\t\t\t<\/div>\n\t\t\t\t\t<\/div>\n\t\t<\/div>\n\t\t\t\t\t\t\t<\/div>\n\t\t<\/section>\n\t\t\t\t\t\t\t<\/div>","protected":false},"excerpt":{"rendered":"<p>Sabina Hotel &amp; Villa l\u00e0 chu\u1ed7i kh\u00e1ch s\u1ea1n 3 sao ngay t\u1ea1i trung t\u00e2m Ph\u00fa M\u1ef9 H\u01b0ng, qu\u1eadn 7 \u0111\u01b0\u1ee3c nhi\u1ec1u du kh\u00e1ch trong v\u00e0 ngo\u00e0i n\u01b0\u1edbc bi\u1ebft \u0111\u1ebfn v\u00e0 \u0111\u1eb7c bi\u1ec7t l\u00e0 v\u1edbi kh\u00e1ch h\u00e0ng ng\u01b0\u1eddi H\u00e0n Qu\u1ed1c. \u00a0 C\u00d4NG VI\u1ec6C CH\u00cdNH: &#8211; Massage body, m\u1eb7t, b\u1ea5m huy\u1ec7t cho kh\u00e1ch. \u00a0 QUY\u1ec0N L\u1ee2I: &#8211;&hellip; <a class=\"more-link\" href=\"https:\/\/vkoutsourcing.com\/ko\/tuyen-dung-nhan-su\/viec-lam-danh-cho-ban\/nhan-vien-spa-khach-san-sabina\/\">Continue reading <span class=\"screen-reader-text\">NH\u00c2N VI\u00caN SPA &#8211; KH\u00c1CH S\u1ea0N SABINA<\/span><\/a><\/p>","protected":false},"author":1,"featured_media":0,"parent":3114,"menu_order":0,"comment_status":"closed","ping_status":"closed","template":"","meta":{"inline_featured_image":false},"_links":{"self":[{"href":"https:\/\/vkoutsourcing.com\/ko\/wp-json\/wp\/v2\/pages\/3961"}],"collection":[{"href":"https:\/\/vkoutsourcing.com\/ko\/wp-json\/wp\/v2\/pages"}],"about":[{"href":"https:\/\/vkoutsourcing.com\/ko\/wp-json\/wp\/v2\/types\/page"}],"author":[{"embeddable":true,"href":"https:\/\/vkoutsourcing.com\/ko\/wp-json\/wp\/v2\/users\/1"}],"replies":[{"embeddable":true,"href":"https:\/\/vkoutsourcing.com\/ko\/wp-json\/wp\/v2\/comments?post=3961"}],"version-history":[{"count":13,"href":"https:\/\/vkoutsourcing.com\/ko\/wp-json\/wp\/v2\/pages\/3961\/revisions"}],"predecessor-version":[{"id":3980,"href":"https:\/\/vkoutsourcing.com\/ko\/wp-json\/wp\/v2\/pages\/3961\/revisions\/3980"}],"up":[{"embeddable":true,"href":"https:\/\/vkoutsourcing.com\/ko\/wp-json\/wp\/v2\/pages\/3114"}],"wp:attachment":[{"href":"https:\/\/vkoutsourcing.com\/ko\/wp-json\/wp\/v2\/media?parent=3961"}],"curies":[{"name":"wp","href":"https:\/\/api.w.org\/{rel}","templated":true}]}}